
{"id":79,"date":"2025-05-26T23:09:34","date_gmt":"2025-05-26T22:09:34","guid":{"rendered":"https:\/\/buko40.buko.info\/?page_id=79"},"modified":"2025-10-02T11:14:45","modified_gmt":"2025-10-02T10:14:45","slug":"veranstaltungsort","status":"publish","type":"page","link":"https:\/\/buko40.buko.info\/fr\/veranstaltungsort\/","title":{"rendered":"Lieu de la manifestation"},"content":{"rendered":"<h2>Maison Philipp Scheidemann<\/h2>\n\n\n\n<p>C'est dans la maison Philipp Scheidemann que se d\u00e9roulent principalement les manifestations de fond. Dans diff\u00e9rentes salles de s\u00e9minaire et une salle de spectacle, vous trouverez la plupart des conf\u00e9rences et des ateliers propos\u00e9s. C'est \u00e9galement ici que vous trouverez les inscriptions, ainsi que des stands de restauration et d'information.<\/p>\n\n\n\n<p><strong>Arr\u00eat de bus : Place Halit<\/strong><br><strong>Adresse : Holl\u00e4ndische Stra\u00dfe 74, 34127 Kassel<\/strong><\/p>\n\n\n\n<h2>Studierendenhaus<\/h2>\n\n\n\n<p>Le programme cin\u00e9matographique se d\u00e9roule dans la \u00ab Studierendenhaus \u00bb. C'est l\u00e0 que se trouve \u00e9galement la \u00ab F\u00e4rberei \u00bb, o\u00f9 aura lieu un concert dans le cadre du congr\u00e8s.<\/p>\n\n\n\n<p><strong>Adresse : Univer\u00adsit\u00e4tsplatz 10, 34127 Kassel<\/strong><\/p>\n\n\n\n<h5>Lieux r\u00e9gionaux de l'histoire coloniale<\/h5>\n\n\n\n<p>A Kassel, G\u00f6ttingen et Witzenhausen, un certain nombre de lieux, d'entreprises et de personnes sont li\u00e9s \u00e0 l'histoire coloniale. Des initiatives locales ont r\u00e9v\u00e9l\u00e9 les liens coloniaux et proposent des informations.<\/p>\n\n\n\n<p><a href=\"http:\/\/kassel-postkolonial.de\/#\" target=\"_blank\" rel=\"noreferrer noopener\">Kassel<\/a><\/p>\n\n\n\n<p><a href=\"https:\/\/goettingen-postkolonial.de\/\" target=\"_blank\" rel=\"noreferrer noopener\">G\u00f6ttingen<\/a><\/p>\n\n\n\n<p><a rel=\"noreferrer noopener\" href=\"https:\/\/www.uni-kassel.de\/fb11agrar\/infothek\/witzenhausen-und-der-kolonialismus.html\" target=\"_blank\">Witzenhausen<\/a><\/p>","protected":false},"excerpt":{"rendered":"<p>Philipp\u2010Scheidemann\u2010Haus Im Philipp\u2010Scheidemann\u2010Haus finden vor allem die inhaltlichen Veranstaltungen statt. In verschiedenen Seminarr\u00e4umen und einem Veranstaltungssaal findet ihr die meisten der angebotenen Vortr\u00e4ge und Workshops. Hier findet ihr auch die Anmeldung, sowie Verpflegung und Infost\u00e4nde. Haltestelle: HalitplatzAdresse: Holl\u00e4ndische Stra\u00dfe 74, 34127 Kassel Studierendenhaus Im Studierendenhaus findet das Filmprogramm statt. Dort befindet sich auch die F\u00e4rberei, [&hellip;]<\/p>","protected":false},"author":4,"featured_media":0,"parent":0,"menu_order":0,"comment_status":"closed","ping_status":"closed","template":"","meta":[],"_links":{"self":[{"href":"https:\/\/buko40.buko.info\/fr\/wp-json\/wp\/v2\/pages\/79"}],"collection":[{"href":"https:\/\/buko40.buko.info\/fr\/wp-json\/wp\/v2\/pages"}],"about":[{"href":"https:\/\/buko40.buko.info\/fr\/wp-json\/wp\/v2\/types\/page"}],"author":[{"embeddable":true,"href":"https:\/\/buko40.buko.info\/fr\/wp-json\/wp\/v2\/users\/4"}],"replies":[{"embeddable":true,"href":"https:\/\/buko40.buko.info\/fr\/wp-json\/wp\/v2\/comments?post=79"}],"version-history":[{"count":13,"href":"https:\/\/buko40.buko.info\/fr\/wp-json\/wp\/v2\/pages\/79\/revisions"}],"predecessor-version":[{"id":1014,"href":"https:\/\/buko40.buko.info\/fr\/wp-json\/wp\/v2\/pages\/79\/revisions\/1014"}],"wp:attachment":[{"href":"https:\/\/buko40.buko.info\/fr\/wp-json\/wp\/v2\/media?parent=79"}],"curies":[{"name":"wp","href":"https:\/\/api.w.org\/{rel}","templated":true}]}}