
{"id":78,"date":"2025-05-26T23:09:34","date_gmt":"2025-05-26T22:09:34","guid":{"rendered":"https:\/\/buko40.buko.info\/?page_id=78"},"modified":"2025-06-22T12:19:47","modified_gmt":"2025-06-22T11:19:47","slug":"die-buko","status":"publish","type":"page","link":"https:\/\/buko40.buko.info\/fr\/die-buko\/","title":{"rendered":"Le BUKO"},"content":{"rendered":"<p>La Coordination f\u00e9d\u00e9rale pour l'internationalisme (BUKO) est l'organisatrice du congr\u00e8s et repr\u00e9sente une politique \u00e9mancipatrice, une critique radicale des rapports sociaux et un mouvement internationaliste. Il s'agit d'une organisation fa\u00eeti\u00e8re ind\u00e9pendante qui regroupe actuellement 104 groupes \"Un seul monde\", des organisations de politique de d\u00e9veloppement, des initiatives inter- ou transnationales, des groupes de solidarit\u00e9, des magasins, des campagnes et des projets de revues ainsi que, actuellement, pr\u00e8s de 100 personnes individuelles. Le BUKO a \u00e9t\u00e9 fond\u00e9 en 1977 et est ainsi l'un des plus anciens r\u00e9seaux de base en Allemagne. L'origine du BUKO se trouve dans les mouvements de solidarit\u00e9 avec les luttes de lib\u00e9ration dans le Sud.<\/p>\n\n\n\n<p>Le BUKO se veut un lieu de d\u00e9bats de gauche, critiques vis-\u00e0-vis de la domination, et met en r\u00e9seau les campagnes du BUKO et les contextes de travail issus de la mobilisation et du travail politique en mati\u00e8re de politique de d\u00e9veloppement. Le BUKO cherche \u00e0 \u00e9tablir un dialogue ouvert avec d'autres mouvements \u00e9mancipateurs et organisations non gouvernementales.<\/p>\n\n\n<div class=\"wp-block-image\">\n<figure class=\"aligncenter size-medium\"><a href=\"https:\/\/www.buko.info\"><img decoding=\"async\" loading=\"lazy\" width=\"300\" height=\"219\" src=\"https:\/\/buko40.buko.info\/wp-content\/uploads\/2025\/06\/buko_logo-RGB-300x219.png\" alt=\"Logo: buko bundeskoordination internationalismus\" class=\"wp-image-370\" srcset=\"https:\/\/buko40.buko.info\/wp-content\/uploads\/2025\/06\/buko_logo-RGB-300x219.png 300w, https:\/\/buko40.buko.info\/wp-content\/uploads\/2025\/06\/buko_logo-RGB-16x12.png 16w, https:\/\/buko40.buko.info\/wp-content\/uploads\/2025\/06\/buko_logo-RGB.png 717w\" sizes=\"(max-width: 300px) 100vw, 300px\" \/><\/a><\/figure><\/div>\n\n\n<hr class=\"wp-block-separator has-alpha-channel-opacity is-style-default\"\/>\n\n\n\n<div class=\"is-content-justification-center is-layout-flex wp-container-1 wp-block-buttons\">\n<div class=\"wp-block-button\"><a class=\"wp-block-button__link has-black-color has-text-color has-background wp-element-button\" href=\"https:\/\/www.betterplace.org\/de\/projects\/156283?utm_campaign=user_share&amp;utm_medium=ppp_sticky&amp;utm_source=Link&amp;utm_content=bp\" style=\"background-color:#ff6600\">Faire un don pour le congr\u00e8s<\/a><\/div>\n<\/div>","protected":false},"excerpt":{"rendered":"<p>Die Bundeskoordination Internationalismus (BUKO) ist Veranstalterin des Kongresses und steht f\u00fcr emanzipatorische Politik, radikale Kritik der gesellschaftlichen Verh\u00e4ltnisse und f\u00fcr eine internationalistische Bewegung. Sie ist ein unabh\u00e4ngiger Dachverband, dem derzeit 104 Eine-Welt-Gruppen, entwicklungspolitische Organisationen, inter- bzw. transnationalistische Initiativen, Solidarit\u00e4tsgruppen, L\u00e4den, Kampagnen und Zeitschriftenprojekte sowie zur Zeit fast 100 Einzelpersonen angeh\u00f6ren. Die BUKO wurde 1977 gegr\u00fcndet [&hellip;]<\/p>","protected":false},"author":6,"featured_media":0,"parent":0,"menu_order":0,"comment_status":"closed","ping_status":"closed","template":"","meta":[],"_links":{"self":[{"href":"https:\/\/buko40.buko.info\/fr\/wp-json\/wp\/v2\/pages\/78"}],"collection":[{"href":"https:\/\/buko40.buko.info\/fr\/wp-json\/wp\/v2\/pages"}],"about":[{"href":"https:\/\/buko40.buko.info\/fr\/wp-json\/wp\/v2\/types\/page"}],"author":[{"embeddable":true,"href":"https:\/\/buko40.buko.info\/fr\/wp-json\/wp\/v2\/users\/6"}],"replies":[{"embeddable":true,"href":"https:\/\/buko40.buko.info\/fr\/wp-json\/wp\/v2\/comments?post=78"}],"version-history":[{"count":17,"href":"https:\/\/buko40.buko.info\/fr\/wp-json\/wp\/v2\/pages\/78\/revisions"}],"predecessor-version":[{"id":420,"href":"https:\/\/buko40.buko.info\/fr\/wp-json\/wp\/v2\/pages\/78\/revisions\/420"}],"wp:attachment":[{"href":"https:\/\/buko40.buko.info\/fr\/wp-json\/wp\/v2\/media?parent=78"}],"curies":[{"name":"wp","href":"https:\/\/api.w.org\/{rel}","templated":true}]}}