
{"id":387,"date":"2025-06-16T23:00:38","date_gmt":"2025-06-16T22:00:38","guid":{"rendered":"https:\/\/buko40.buko.info\/?page_id=387"},"modified":"2025-08-14T21:19:13","modified_gmt":"2025-08-14T20:19:13","slug":"impressum","status":"publish","type":"page","link":"https:\/\/buko40.buko.info\/fr\/impressum\/","title":{"rendered":"Mentions l\u00e9gales"},"content":{"rendered":"<h2>Informations selon \u00a7 5 TMG<\/h2>\n\n\n\n<p><strong>Bundeskoordination Internationalismus (BUKO)<\/strong><br>Verein zur F\u00f6rderung entwicklungsp\u00e4dagogischer Zusammenarbeit e.V. (VzF)<\/p>\n\n\n\n<p><strong>Adresse :<\/strong> Sternstr. 2, 20357 Hamburg<br><strong>T\u00e9l\u00e9phone :<\/strong> +49(0)40\/ 393 156<br><strong>Courrier \u00e9lectronique<\/strong>: mail[at]buko.info<br><strong>Page d'accueil :<\/strong> <a href=\"https:\/\/www.buko.info\" target=\"_blank\" rel=\"noreferrer noopener\">www.buko.info<\/a><\/p>\n\n\n\n<p><strong>Repr\u00e9sent\u00e9 par :<\/strong> Martin Reiter<\/p>\n\n\n\n<p><strong>Inscription au registre :<\/strong><br>Inscription au registre des associations.<br>Tribunal d'enregistrement : Amtsgericht Hamburg<br>Num\u00e9ro d'enregistrement : 69 VR 9988<\/p>\n\n\n\n<p><strong>Num\u00e9ro d'identification de la taxe sur le chiffre d'affaires<\/strong> conform\u00e9ment au \u00a7 27 a de la loi sur la TVA : DE118719982<\/p>\n\n\n\n<p><strong>Responsable du contenu<\/strong> conform\u00e9ment au \u00a7 10 alin\u00e9a 3 MDStV : Martin Reiter (adresse comme ci-dessus)<\/p>\n\n\n\n<h2><strong>Clause de non-responsabilit\u00e9 :<\/strong><\/h2>\n\n\n\n<p><br><strong>Responsabilit\u00e9 du contenu<\/strong><br><br>Le contenu de nos pages a \u00e9t\u00e9 \u00e9labor\u00e9 avec le plus grand soin. Nous ne pouvons toutefois pas garantir l'exactitude, l'exhaustivit\u00e9 et l'actualit\u00e9 des contenus. En tant que prestataire de services, nous sommes responsables, conform\u00e9ment au \u00a7 7 alin\u00e9a 1 de la loi allemande sur les t\u00e9l\u00e9m\u00e9dias (TMG), de nos propres contenus sur ces pages selon les lois g\u00e9n\u00e9rales. Selon les \u00a7\u00a7 8 \u00e0 10 de la TMG, nous ne sommes toutefois pas tenus, en tant que prestataire de services, de surveiller les informations externes transmises ou enregistr\u00e9es ou de rechercher les circonstances qui indiquent une activit\u00e9 ill\u00e9gale. Les obligations de supprimer ou de bloquer l'utilisation d'informations conform\u00e9ment aux lois g\u00e9n\u00e9rales ne sont pas affect\u00e9es par cette disposition. Une responsabilit\u00e9 \u00e0 cet \u00e9gard n'est toutefois possible qu'\u00e0 partir du moment o\u00f9 une violation concr\u00e8te de la loi est connue. D\u00e8s la prise de connaissance d'une telle violation, nous supprimerons imm\u00e9diatement les contenus concern\u00e9s.<br><br><strong>Responsabilit\u00e9 pour les liens<\/strong><br><br>Notre offre contient des liens vers des sites web externes de tiers, sur le contenu desquels nous n'avons aucune influence. C'est pourquoi nous ne pouvons pas non plus nous porter garants de ces contenus externes. Le fournisseur ou l'exploitant des pages li\u00e9es est toujours responsable des contenus de ces pages. Les pages li\u00e9es ont \u00e9t\u00e9 contr\u00f4l\u00e9es au moment de la cr\u00e9ation du lien afin de v\u00e9rifier qu'elles ne pr\u00e9sentaient pas d'infraction \u00e0 la loi. Aucun contenu ill\u00e9gal n'a \u00e9t\u00e9 identifi\u00e9 au moment de la cr\u00e9ation du lien. Un contr\u00f4le permanent du contenu des pages li\u00e9es n'est cependant pas exigible sans indices concrets d'une violation de la loi. Si nous prenons connaissance d'une violation de la loi, nous supprimerons imm\u00e9diatement les liens concern\u00e9s.<br><br><strong>Droit d'auteur<\/strong><br><br>Les contenus et les \u0153uvres cr\u00e9\u00e9s par les exploitants de ces pages sont soumis au droit d'auteur allemand. La reproduction, le traitement, la diffusion et toute forme d'exploitation en dehors des limites du droit d'auteur requi\u00e8rent l'accord \u00e9crit de l'auteur ou du cr\u00e9ateur concern\u00e9. Les t\u00e9l\u00e9chargements et les copies de ce site ne sont autoris\u00e9s que pour un usage priv\u00e9 et non commercial. Dans la mesure o\u00f9 les contenus de ce site n'ont pas \u00e9t\u00e9 cr\u00e9\u00e9s par l'exploitant, les droits d'auteur de tiers sont respect\u00e9s. Les contenus de tiers sont notamment identifi\u00e9s comme tels. Si vous deviez n\u00e9anmoins constater une violation des droits d'auteur, nous vous prions de nous en informer. D\u00e8s la prise de connaissance d'une violation de la loi, nous supprimerons imm\u00e9diatement les contenus concern\u00e9s.<\/p>","protected":false},"excerpt":{"rendered":"<p>Angaben gem\u00e4\u00df \u00a7 5 TMG Bundeskoordination Internationalismus (BUKO)Verein zur F\u00f6rderung entwicklungsp\u00e4dagogischer Zusammenarbeit e.V. (VzF) Adresse: Sternstr. 2, 20357 HamburgTelefon: +49(0)40\/ 393 156E-Mail: mail[at]buko.infoHomepage: www.buko.info Vertreten durch: Martin Reiter Registereintrag:Eintragung im Vereinsregister.Registergericht: Amtsgericht HamburgRegisternummer: 69 VR 9988 Umsatzsteuer-Identifikationsnummer gem\u00e4\u00df \u00a7 27 a Umsatzsteuergesetz: USt-ID DE118719982 Inhaltlich Verantwortlicher gem\u00e4\u00df \u00a7 10 Absatz 3 MDStV: Martin Reiter (Anschrift [&hellip;]<\/p>","protected":false},"author":4,"featured_media":0,"parent":0,"menu_order":0,"comment_status":"closed","ping_status":"closed","template":"","meta":[],"_links":{"self":[{"href":"https:\/\/buko40.buko.info\/fr\/wp-json\/wp\/v2\/pages\/387"}],"collection":[{"href":"https:\/\/buko40.buko.info\/fr\/wp-json\/wp\/v2\/pages"}],"about":[{"href":"https:\/\/buko40.buko.info\/fr\/wp-json\/wp\/v2\/types\/page"}],"author":[{"embeddable":true,"href":"https:\/\/buko40.buko.info\/fr\/wp-json\/wp\/v2\/users\/4"}],"replies":[{"embeddable":true,"href":"https:\/\/buko40.buko.info\/fr\/wp-json\/wp\/v2\/comments?post=387"}],"version-history":[{"count":1,"href":"https:\/\/buko40.buko.info\/fr\/wp-json\/wp\/v2\/pages\/387\/revisions"}],"predecessor-version":[{"id":388,"href":"https:\/\/buko40.buko.info\/fr\/wp-json\/wp\/v2\/pages\/387\/revisions\/388"}],"wp:attachment":[{"href":"https:\/\/buko40.buko.info\/fr\/wp-json\/wp\/v2\/media?parent=387"}],"curies":[{"name":"wp","href":"https:\/\/api.w.org\/{rel}","templated":true}]}}