
{"id":2,"date":"2025-03-10T13:32:24","date_gmt":"2025-03-10T12:32:24","guid":{"rendered":"https:\/\/buko40.buko.info\/?page_id=2"},"modified":"2025-08-14T21:18:26","modified_gmt":"2025-08-14T20:18:26","slug":"willkommen","status":"publish","type":"page","link":"https:\/\/buko40.buko.info\/fr\/willkommen\/","title":{"rendered":"Bienvenue au 40e congr\u00e8s du BUKO"},"content":{"rendered":"<h4><strong>Du 02 au 05 octobre 2025, le BUKO 40 aura lieu \u00e0 Kassel ! <br \/>Lors du congr\u00e8s, nous voulons discuter de diff\u00e9rents aspects de la lutte contre le colonialisme, cr\u00e9er des liens et d\u00e9battre. <br \/>Participez vous aussi, discutez et cr\u00e9ez un r\u00e9seau !<\/strong><\/h4>\n\n\n<p>&nbsp;&nbsp;&nbsp;&nbsp;&nbsp;&nbsp;&nbsp;&nbsp;&nbsp;&nbsp;&nbsp;&nbsp;&nbsp;&nbsp;&nbsp;&nbsp;&nbsp;&nbsp;&nbsp;&nbsp;&nbsp;&nbsp;&nbsp;&nbsp;&nbsp;&nbsp;&nbsp;&nbsp;&nbsp;&nbsp;&nbsp;&nbsp;&nbsp;&nbsp;&nbsp;&nbsp;&nbsp;&nbsp;&nbsp;&nbsp;&nbsp;&nbsp;&nbsp;&nbsp;&nbsp;&nbsp;&nbsp;&nbsp;&nbsp;&nbsp;&nbsp;&nbsp;&nbsp;&nbsp;&nbsp;&nbsp;&nbsp;&nbsp;&nbsp;&nbsp;&nbsp;&nbsp;&nbsp;&nbsp;&nbsp;&nbsp;&nbsp;&nbsp;<\/p>\n\n\n\n<p>&nbsp;&nbsp;&nbsp;&nbsp;&nbsp;&nbsp;&nbsp;&nbsp;&nbsp;&nbsp;&nbsp;&nbsp;&nbsp;&nbsp;&nbsp;&nbsp;&nbsp;&nbsp;&nbsp;&nbsp;&nbsp;&nbsp;&nbsp;&nbsp;&nbsp;&nbsp;&nbsp;&nbsp;&nbsp;&nbsp;&nbsp;&nbsp;&nbsp;&nbsp;&nbsp;&nbsp;&nbsp;&nbsp;&nbsp;&nbsp;&nbsp;&nbsp;&nbsp;&nbsp;&nbsp;&nbsp;&nbsp;&nbsp;&nbsp;&nbsp;&nbsp;&nbsp;&nbsp;&nbsp;&nbsp;&nbsp;&nbsp;&nbsp;&nbsp;&nbsp;&nbsp;&nbsp;&nbsp;&nbsp;&nbsp;&nbsp;&nbsp;&nbsp;<\/p>\n\n\n\n<p>&nbsp;<em>L'antis\u00e9mitisme, le racisme (antimusulman), l'antitsiganisme, le sexisme, la queer-phobie et toutes les autres attitudes misanthropes ne sont pas les bienvenues au congr\u00e8s.<\/em><\/p>\n\n\n<div class=\"wp-block-image\">\n<figure class=\"aligncenter size-large is-resized\"><img decoding=\"async\" loading=\"lazy\" src=\"https:\/\/buko40.buko.info\/wp-content\/uploads\/2025\/06\/Hydra-3-Farben-schwarze-Buchstaben--875x1024.png\" alt=\"Oben: Ein Globus, der von einer Hydra umschlungen wird. Darunter: der Schriftzug &quot;buko&quot;\" class=\"wp-image-323\" width=\"341\" height=\"399\" srcset=\"https:\/\/buko40.buko.info\/wp-content\/uploads\/2025\/06\/Hydra-3-Farben-schwarze-Buchstaben--875x1024.png 875w, https:\/\/buko40.buko.info\/wp-content\/uploads\/2025\/06\/Hydra-3-Farben-schwarze-Buchstaben--256x300.png 256w, https:\/\/buko40.buko.info\/wp-content\/uploads\/2025\/06\/Hydra-3-Farben-schwarze-Buchstaben--768x899.png 768w, https:\/\/buko40.buko.info\/wp-content\/uploads\/2025\/06\/Hydra-3-Farben-schwarze-Buchstaben--1313x1536.png 1313w, https:\/\/buko40.buko.info\/wp-content\/uploads\/2025\/06\/Hydra-3-Farben-schwarze-Buchstaben--1750x2048.png 1750w, https:\/\/buko40.buko.info\/wp-content\/uploads\/2025\/06\/Hydra-3-Farben-schwarze-Buchstaben--10x12.png 10w, https:\/\/buko40.buko.info\/wp-content\/uploads\/2025\/06\/Hydra-3-Farben-schwarze-Buchstaben-.png 2016w\" sizes=\"(max-width: 341px) 100vw, 341px\" \/><\/figure><\/div>","protected":false},"excerpt":{"rendered":"<p>Du 02 au 05 octobre 2025, le BUKO 40 aura lieu \u00e0 Kassel ! Lors du congr\u00e8s, nous voulons discuter de diff\u00e9rents aspects de la lutte contre le colonialisme, cr\u00e9er des liens et nous battre. Soyez de la partie, participez \u00e0 la discussion et cr\u00e9ez un r\u00e9seau !                                                                                                                                            L'antis\u00e9mitisme, le racisme (antimusulman), l'antitsiganisme, le sexisme, la queer-phobie et toutes les autres attitudes misanthropes ne sont pas les bienvenues au congr\u00e8s.<\/p>","protected":false},"author":6,"featured_media":0,"parent":0,"menu_order":0,"comment_status":"closed","ping_status":"closed","template":"","meta":[],"_links":{"self":[{"href":"https:\/\/buko40.buko.info\/fr\/wp-json\/wp\/v2\/pages\/2"}],"collection":[{"href":"https:\/\/buko40.buko.info\/fr\/wp-json\/wp\/v2\/pages"}],"about":[{"href":"https:\/\/buko40.buko.info\/fr\/wp-json\/wp\/v2\/types\/page"}],"author":[{"embeddable":true,"href":"https:\/\/buko40.buko.info\/fr\/wp-json\/wp\/v2\/users\/6"}],"replies":[{"embeddable":true,"href":"https:\/\/buko40.buko.info\/fr\/wp-json\/wp\/v2\/comments?post=2"}],"version-history":[{"count":47,"href":"https:\/\/buko40.buko.info\/fr\/wp-json\/wp\/v2\/pages\/2\/revisions"}],"predecessor-version":[{"id":499,"href":"https:\/\/buko40.buko.info\/fr\/wp-json\/wp\/v2\/pages\/2\/revisions\/499"}],"wp:attachment":[{"href":"https:\/\/buko40.buko.info\/fr\/wp-json\/wp\/v2\/media?parent=2"}],"curies":[{"name":"wp","href":"https:\/\/api.w.org\/{rel}","templated":true}]}}