
{"id":185,"date":"2025-05-27T01:17:59","date_gmt":"2025-05-27T00:17:59","guid":{"rendered":"https:\/\/buko40.buko.info\/?page_id=185"},"modified":"2025-08-14T21:19:21","modified_gmt":"2025-08-14T20:19:21","slug":"kontakt-zur-buko","status":"publish","type":"page","link":"https:\/\/buko40.buko.info\/fr\/kontakt-zur-buko\/","title":{"rendered":"Contacter le BUKO"},"content":{"rendered":"<p><strong>Bundeskoordination Internationalismus (BUKO)<\/strong><\/p>\n\n\n\n<p><strong>Bureau du BUKO \u00e0 Hambourg<\/strong><\/p>\n\n\n\n<p>Adresse : Sternstr. 2, 20357 Hamburg T\u00e9l\u00e9phone : (+0049) 040\/ 393 156<\/p>\n\n\n\n<p>Courrier \u00e9lectronique : <a>mail@buko.info<\/a> Page d'accueil : <a href=\"https:\/\/web.archive.org\/web\/20230203185725\/https:\/\/www.buko.info\/\">www.buko.info<\/a><\/p>","protected":false},"excerpt":{"rendered":"<p>Coordination f\u00e9d\u00e9rale de l'internationalisme (BUKO) Bureau de la BUKO \u00e0 Hambourg Adresse : Sternstr. 2, 20357 Hambourg T\u00e9l\u00e9phone : (+0049) 040\/ 393 156 E-mail : mail@buko.info Page d'accueil : www.buko.info<\/p>","protected":false},"author":6,"featured_media":0,"parent":0,"menu_order":0,"comment_status":"closed","ping_status":"closed","template":"","meta":[],"_links":{"self":[{"href":"https:\/\/buko40.buko.info\/fr\/wp-json\/wp\/v2\/pages\/185"}],"collection":[{"href":"https:\/\/buko40.buko.info\/fr\/wp-json\/wp\/v2\/pages"}],"about":[{"href":"https:\/\/buko40.buko.info\/fr\/wp-json\/wp\/v2\/types\/page"}],"author":[{"embeddable":true,"href":"https:\/\/buko40.buko.info\/fr\/wp-json\/wp\/v2\/users\/6"}],"replies":[{"embeddable":true,"href":"https:\/\/buko40.buko.info\/fr\/wp-json\/wp\/v2\/comments?post=185"}],"version-history":[{"count":1,"href":"https:\/\/buko40.buko.info\/fr\/wp-json\/wp\/v2\/pages\/185\/revisions"}],"predecessor-version":[{"id":186,"href":"https:\/\/buko40.buko.info\/fr\/wp-json\/wp\/v2\/pages\/185\/revisions\/186"}],"wp:attachment":[{"href":"https:\/\/buko40.buko.info\/fr\/wp-json\/wp\/v2\/media?parent=185"}],"curies":[{"name":"wp","href":"https:\/\/api.w.org\/{rel}","templated":true}]}}