
{"id":183,"date":"2025-05-27T01:17:34","date_gmt":"2025-05-27T00:17:34","guid":{"rendered":"https:\/\/buko40.buko.info\/?page_id=183"},"modified":"2025-05-27T01:18:11","modified_gmt":"2025-05-27T00:18:11","slug":"datenschutzerklaerung","status":"publish","type":"page","link":"https:\/\/buko40.buko.info\/fr\/datenschutzerklaerung\/","title":{"rendered":"D\u00e9claration de confidentialit\u00e9"},"content":{"rendered":"<p><strong>Donn\u00e9es selon le RGPD<\/strong><\/p>\n\n\n\n<p>Le service responsable au sens des lois sur la protection des donn\u00e9es, en particulier du r\u00e8glement g\u00e9n\u00e9ral sur la protection des donn\u00e9es (RGPD) de l'UE, Verein zur F\u00f6rderung entwicklungsp\u00e4dagogischer Zusammenarbeit e.V. (VzF), Sternstr. 2, 20357 Hamburg, <a href=\"https:\/\/www.buko.info\/datenschutzerklaerung#\">mail[at]buko.info<\/a><br><\/p>\n\n\n\n<h4><strong>Protection des donn\u00e9es<\/strong><\/h4>\n\n\n\n<p>En r\u00e8gle g\u00e9n\u00e9rale, l'utilisation de notre site web est possible sans indication de donn\u00e9es personnelles. Si des donn\u00e9es personnelles (par exemple nom, adresse ou adresse e-mail) sont collect\u00e9es sur notre site, elles le sont toujours, dans la mesure du possible, sur une base volontaire. Ces donn\u00e9es ne sont pas transmises \u00e0 des tiers sans votre accord explicite.<\/p>\n\n\n\n<p>Nous attirons votre attention sur le fait que la transmission de donn\u00e9es sur Internet peut pr\u00e9senter des failles de s\u00e9curit\u00e9. Une protection compl\u00e8te des donn\u00e9es contre l'acc\u00e8s par des tiers n'est pas possible.<\/p>\n\n\n\n<p>L'utilisation par des tiers des donn\u00e9es de contact publi\u00e9es dans le cadre des mentions l\u00e9gales obligatoires pour l'envoi de publicit\u00e9 et de mat\u00e9riel d'information non express\u00e9ment demand\u00e9s est express\u00e9ment interdite. Les exploitants des pages se r\u00e9servent express\u00e9ment le droit d'engager des poursuites judiciaires en cas d'envoi non sollicit\u00e9 d'informations publicitaires, par exemple par le biais de spams.<\/p>\n\n\n\n<h4>Fichiers journaux du serveur<\/h4>\n\n\n\n<p>Le fournisseur des pages collecte et enregistre automatiquement des informations dans ce que l'on appelle des fichiers journaux du serveur, que votre navigateur nous transmet automatiquement. Il s'agit de : Le type et la version du navigateur, le syst\u00e8me d'exploitation utilis\u00e9, l'URL de r\u00e9f\u00e9rence, le nom d'h\u00f4te de l'ordinateur qui acc\u00e8de au site, l'heure de la demande du serveur. Ces donn\u00e9es ne peuvent pas \u00eatre attribu\u00e9es personnellement.<\/p>\n\n\n\n<h4>Cookies<\/h4>\n\n\n\n<p>Les syst\u00e8mes de gestion de contenu (CMS) utilisent par d\u00e9faut des cookies pour \"identifier\" l'utilisateur via la pr\u00e9sentation. Nos pages sont pr\u00e9sent\u00e9es au moyen d'un tel CMS. Les cookies sont de petits fichiers texte qui sont d\u00e9pos\u00e9s sur votre ordinateur et que votre navigateur enregistre. Les cookies ne causent aucun dommage \u00e0 votre ordinateur et ne contiennent aucun virus. Les cookies servent \u00e0 rendre notre offre plus conviviale, plus efficace et plus s\u00fbre.<br>La plupart des cookies que nous utilisons sont des \"cookies de session\". Ils sont automatiquement supprim\u00e9s \u00e0 la fin de votre visite. D'autres cookies restent enregistr\u00e9s sur votre terminal jusqu'\u00e0 ce que vous les supprimiez. Ces cookies nous permettent de reconna\u00eetre votre navigateur lors de votre prochaine visite.<br>Vous pouvez configurer votre navigateur de mani\u00e8re \u00e0 \u00eatre inform\u00e9 de l'installation de cookies et \u00e0 n'autoriser les cookies qu'au cas par cas, \u00e0 exclure l'acceptation de cookies dans certains cas ou de mani\u00e8re g\u00e9n\u00e9rale, et \u00e0 activer la suppression automatique des cookies \u00e0 la fermeture du navigateur. En cas de d\u00e9sactivation des cookies, la fonctionnalit\u00e9 de ce site web peut \u00eatre limit\u00e9e.<\/p>\n\n\n\n<h4>Prise de contact et coordonn\u00e9es<\/h4>\n\n\n\n<p>Si vous prenez contact avec nous par e-mail, formulaire de contact ou autre, les donn\u00e9es que vous avez fournies seront enregistr\u00e9es dans le but de traiter votre demande et de r\u00e9pondre \u00e0 d'\u00e9ventuelles questions compl\u00e9mentaires. Nous ne transmettons pas ces donn\u00e9es \u00e0 des tiers sans votre consentement.<\/p>\n\n\n\n<h4>Vos droits d'acc\u00e8s, de rectification, de blocage, d'effacement et d'opposition<\/h4>\n\n\n\n<p>Vous avez le droit d'obtenir \u00e0 tout moment des informations sur vos donn\u00e9es personnelles enregistr\u00e9es chez nous. Vous avez \u00e9galement le droit de rectifier, de bloquer ou, \u00e0 l'exception de la conservation des donn\u00e9es prescrite pour le traitement des affaires, de supprimer vos donn\u00e9es personnelles. Pour ce faire, veuillez vous adresser \u00e0 notre responsable de la protection des donn\u00e9es. Vous trouverez ses coordonn\u00e9es tout en bas.<\/p>\n\n\n\n<p>Pour qu'un blocage de donn\u00e9es puisse \u00eatre pris en compte \u00e0 tout moment, ces donn\u00e9es doivent \u00eatre conserv\u00e9es dans un fichier de blocage \u00e0 des fins de contr\u00f4le. Vous pouvez \u00e9galement demander la suppression des donn\u00e9es, dans la mesure o\u00f9 il n'existe pas d'obligation l\u00e9gale d'archivage. Dans la mesure o\u00f9 une telle obligation existe, nous bloquons vos donn\u00e9es sur demande.<\/p>\n\n\n\n<p>Vous pouvez proc\u00e9der \u00e0 des modifications ou \u00e0 la r\u00e9vocation d'un consentement en nous adressant une communication correspondante, avec effet pour l'avenir.<\/p>\n\n\n\n<h4>Dur\u00e9e de conservation, effacement et verrouillage des donn\u00e9es<\/h4>\n\n\n\n<p>Nous respectons les principes de pr\u00e9vention et d'\u00e9conomie des donn\u00e9es. Nous ne conservons donc vos donn\u00e9es personnelles qu'aussi longtemps que cela est n\u00e9cessaire pour atteindre les objectifs mentionn\u00e9s ici ou comme le pr\u00e9voient les multiples d\u00e9lais de conservation pr\u00e9vus par le l\u00e9gislateur. Apr\u00e8s la disparition de la finalit\u00e9 respective ou l'expiration de ces d\u00e9lais, les donn\u00e9es correspondantes sont bloqu\u00e9es ou effac\u00e9es de mani\u00e8re routini\u00e8re et conform\u00e9ment aux prescriptions l\u00e9gales.<\/p>\n\n\n\n<h4>Modification de notre politique de confidentialit\u00e9<\/h4>\n\n\n\n<p>Nous nous r\u00e9servons le droit d'adapter occasionnellement la pr\u00e9sente d\u00e9claration de protection des donn\u00e9es afin qu'elle soit toujours conforme aux exigences l\u00e9gales actuelles ou afin de mettre en \u0153uvre les modifications de nos prestations dans la d\u00e9claration de protection des donn\u00e9es, par exemple lors de l'introduction de nouveaux services. La nouvelle d\u00e9claration de protection des donn\u00e9es s'appliquera alors \u00e0 votre nouvelle visite.<\/p>","protected":false},"excerpt":{"rendered":"<p>Angaben gem\u00e4\u00df DSGVO Verantwortliche Stelle im Sinne der Datenschutzgesetze, insbesondere der EU-Datenschutzgrundverordnung (DSGVO), ist der Verein zur F\u00f6rderung entwicklungsp\u00e4dagogischer Zusammenarbeit e.V. (VzF), Sternstr. 2, 20357 Hamburg, mail[at]buko.info Datenschutz Die Nutzung unserer Webseite ist in der Regel ohne Angabe personenbezogener Daten m\u00f6glich. Falls auf unseren Seiten personenbezogene Daten (beispielsweise Name, Anschrift oder E-Mail-Adressen) erhoben werden, erfolgt [&hellip;]<\/p>","protected":false},"author":6,"featured_media":0,"parent":0,"menu_order":0,"comment_status":"closed","ping_status":"closed","template":"","meta":[],"_links":{"self":[{"href":"https:\/\/buko40.buko.info\/fr\/wp-json\/wp\/v2\/pages\/183"}],"collection":[{"href":"https:\/\/buko40.buko.info\/fr\/wp-json\/wp\/v2\/pages"}],"about":[{"href":"https:\/\/buko40.buko.info\/fr\/wp-json\/wp\/v2\/types\/page"}],"author":[{"embeddable":true,"href":"https:\/\/buko40.buko.info\/fr\/wp-json\/wp\/v2\/users\/6"}],"replies":[{"embeddable":true,"href":"https:\/\/buko40.buko.info\/fr\/wp-json\/wp\/v2\/comments?post=183"}],"version-history":[{"count":1,"href":"https:\/\/buko40.buko.info\/fr\/wp-json\/wp\/v2\/pages\/183\/revisions"}],"predecessor-version":[{"id":184,"href":"https:\/\/buko40.buko.info\/fr\/wp-json\/wp\/v2\/pages\/183\/revisions\/184"}],"wp:attachment":[{"href":"https:\/\/buko40.buko.info\/fr\/wp-json\/wp\/v2\/media?parent=183"}],"curies":[{"name":"wp","href":"https:\/\/api.w.org\/{rel}","templated":true}]}}