
{"id":79,"date":"2025-05-26T23:09:34","date_gmt":"2025-05-26T22:09:34","guid":{"rendered":"https:\/\/buko40.buko.info\/?page_id=79"},"modified":"2025-10-02T11:14:45","modified_gmt":"2025-10-02T10:14:45","slug":"veranstaltungsort","status":"publish","type":"page","link":"https:\/\/buko40.buko.info\/es\/veranstaltungsort\/","title":{"rendered":"Lugar"},"content":{"rendered":"<h2>Casa Philipp Scheidemann<\/h2>\n\n\n\n<p>La Casa Philipp Scheidemann es el lugar donde se celebran la mayor\u00eda de los actos relacionados con los contenidos. La mayor\u00eda de las conferencias y talleres se ofrecen en varias salas de seminarios y un sal\u00f3n de actos. Aqu\u00ed tambi\u00e9n se encuentran el mostrador de inscripci\u00f3n, el servicio de comidas y los puestos de informaci\u00f3n.<\/p>\n\n\n\n<p><strong>Parada de autob\u00fas: Halitplatz<\/strong><br><strong>Direcci\u00f3n: Holl\u00e4ndische Stra\u00dfe 74, 34127 Kassel<\/strong><\/p>\n\n\n\n<h2>Studierendenhaus<\/h2>\n\n\n\n<p>El programa cinematogr\u00e1fico tiene lugar en la \u00abStudierendenhaus\u00bb. All\u00ed se encuentra tambi\u00e9n la \u00abF\u00e4rberei\u00bb, donde se celebra un concierto en el marco del congreso.<\/p>\n\n\n\n<p><strong>Direcci\u00f3n: Univer\u00adsit\u00e4tsplatz 10, 34127 Kassel<\/strong><\/p>\n\n\n\n<h5>Lugares regionales de la historia colonial<\/h5>\n\n\n\n<p>En Kassel, Gotinga y Witzenhausen, varios lugares, empresas y personas est\u00e1n entrelazados con la historia colonial. Iniciativas locales han descubierto las conexiones coloniales y ofrecen informaci\u00f3n.<\/p>\n\n\n\n<p><a href=\"http:\/\/kassel-postkolonial.de\/#\" target=\"_blank\" rel=\"noreferrer noopener\">Kassel<\/a><\/p>\n\n\n\n<p><a href=\"https:\/\/goettingen-postkolonial.de\/\" target=\"_blank\" rel=\"noreferrer noopener\">Gotinga<\/a><\/p>\n\n\n\n<p><a rel=\"noreferrer noopener\" href=\"https:\/\/www.uni-kassel.de\/fb11agrar\/infothek\/witzenhausen-und-der-kolonialismus.html\" target=\"_blank\">Witzenhausen<\/a><\/p>","protected":false},"excerpt":{"rendered":"<p>Philipp\u2010Scheidemann\u2010Haus Im Philipp\u2010Scheidemann\u2010Haus finden vor allem die inhaltlichen Veranstaltungen statt. In verschiedenen Seminarr\u00e4umen und einem Veranstaltungssaal findet ihr die meisten der angebotenen Vortr\u00e4ge und Workshops. Hier findet ihr auch die Anmeldung, sowie Verpflegung und Infost\u00e4nde. Haltestelle: HalitplatzAdresse: Holl\u00e4ndische Stra\u00dfe 74, 34127 Kassel Studierendenhaus Im Studierendenhaus findet das Filmprogramm statt. Dort befindet sich auch die F\u00e4rberei, [&hellip;]<\/p>","protected":false},"author":4,"featured_media":0,"parent":0,"menu_order":0,"comment_status":"closed","ping_status":"closed","template":"","meta":[],"_links":{"self":[{"href":"https:\/\/buko40.buko.info\/es\/wp-json\/wp\/v2\/pages\/79"}],"collection":[{"href":"https:\/\/buko40.buko.info\/es\/wp-json\/wp\/v2\/pages"}],"about":[{"href":"https:\/\/buko40.buko.info\/es\/wp-json\/wp\/v2\/types\/page"}],"author":[{"embeddable":true,"href":"https:\/\/buko40.buko.info\/es\/wp-json\/wp\/v2\/users\/4"}],"replies":[{"embeddable":true,"href":"https:\/\/buko40.buko.info\/es\/wp-json\/wp\/v2\/comments?post=79"}],"version-history":[{"count":13,"href":"https:\/\/buko40.buko.info\/es\/wp-json\/wp\/v2\/pages\/79\/revisions"}],"predecessor-version":[{"id":1014,"href":"https:\/\/buko40.buko.info\/es\/wp-json\/wp\/v2\/pages\/79\/revisions\/1014"}],"wp:attachment":[{"href":"https:\/\/buko40.buko.info\/es\/wp-json\/wp\/v2\/media?parent=79"}],"curies":[{"name":"wp","href":"https:\/\/api.w.org\/{rel}","templated":true}]}}