
{"id":78,"date":"2025-05-26T23:09:34","date_gmt":"2025-05-26T22:09:34","guid":{"rendered":"https:\/\/buko40.buko.info\/?page_id=78"},"modified":"2025-06-22T12:19:47","modified_gmt":"2025-06-22T11:19:47","slug":"die-buko","status":"publish","type":"page","link":"https:\/\/buko40.buko.info\/es\/die-buko\/","title":{"rendered":"El BUKO"},"content":{"rendered":"<p>La Coordinadora Federal por el Internacionalismo (BUKO) es la organizadora del congreso y defiende una pol\u00edtica emancipadora, una cr\u00edtica radical de las condiciones sociales y un movimiento internacionalista. Se trata de una organizaci\u00f3n paraguas independiente a la que pertenecen actualmente 104 grupos Un Mundo, organizaciones de pol\u00edtica de desarrollo, iniciativas inter y transnacionalistas, grupos de solidaridad, tiendas, campa\u00f1as y proyectos de revistas, as\u00ed como casi 100 personas a t\u00edtulo individual. La BUKO se fund\u00f3 en 1977, lo que la convierte en una de las redes de base m\u00e1s antiguas de Alemania. Los or\u00edgenes de la BUKO se remontan a los movimientos de solidaridad con las luchas de liberaci\u00f3n en el Sur.<\/p>\n\n\n\n<p>La BUKO se concibe a s\u00ed misma como un lugar para los debates de izquierdas cr\u00edticos con la dominaci\u00f3n y las redes de campa\u00f1as y contextos de trabajo de la BUKO surgidos de la movilizaci\u00f3n por la pol\u00edtica de desarrollo y el trabajo pol\u00edtico. BUKO busca el di\u00e1logo abierto con otros movimientos emancipadores y organizaciones no gubernamentales.<\/p>\n\n\n<div class=\"wp-block-image\">\n<figure class=\"aligncenter size-medium\"><a href=\"https:\/\/www.buko.info\"><img decoding=\"async\" loading=\"lazy\" width=\"300\" height=\"219\" src=\"https:\/\/buko40.buko.info\/wp-content\/uploads\/2025\/06\/buko_logo-RGB-300x219.png\" alt=\"Logo: buko bundeskoordination internationalismus\" class=\"wp-image-370\" srcset=\"https:\/\/buko40.buko.info\/wp-content\/uploads\/2025\/06\/buko_logo-RGB-300x219.png 300w, https:\/\/buko40.buko.info\/wp-content\/uploads\/2025\/06\/buko_logo-RGB-16x12.png 16w, https:\/\/buko40.buko.info\/wp-content\/uploads\/2025\/06\/buko_logo-RGB.png 717w\" sizes=\"(max-width: 300px) 100vw, 300px\" \/><\/a><\/figure><\/div>\n\n\n<hr class=\"wp-block-separator has-alpha-channel-opacity is-style-default\"\/>\n\n\n\n<div class=\"is-content-justification-center is-layout-flex wp-container-1 wp-block-buttons\">\n<div class=\"wp-block-button\"><a class=\"wp-block-button__link has-black-color has-text-color has-background wp-element-button\" href=\"https:\/\/www.betterplace.org\/de\/projects\/156283?utm_campaign=user_share&amp;utm_medium=ppp_sticky&amp;utm_source=Link&amp;utm_content=bp\" style=\"background-color:#ff6600\">Donaciones para el congreso<\/a><\/div>\n<\/div>","protected":false},"excerpt":{"rendered":"<p>Die Bundeskoordination Internationalismus (BUKO) ist Veranstalterin des Kongresses und steht f\u00fcr emanzipatorische Politik, radikale Kritik der gesellschaftlichen Verh\u00e4ltnisse und f\u00fcr eine internationalistische Bewegung. Sie ist ein unabh\u00e4ngiger Dachverband, dem derzeit 104 Eine-Welt-Gruppen, entwicklungspolitische Organisationen, inter- bzw. transnationalistische Initiativen, Solidarit\u00e4tsgruppen, L\u00e4den, Kampagnen und Zeitschriftenprojekte sowie zur Zeit fast 100 Einzelpersonen angeh\u00f6ren. Die BUKO wurde 1977 gegr\u00fcndet [&hellip;]<\/p>","protected":false},"author":6,"featured_media":0,"parent":0,"menu_order":0,"comment_status":"closed","ping_status":"closed","template":"","meta":[],"_links":{"self":[{"href":"https:\/\/buko40.buko.info\/es\/wp-json\/wp\/v2\/pages\/78"}],"collection":[{"href":"https:\/\/buko40.buko.info\/es\/wp-json\/wp\/v2\/pages"}],"about":[{"href":"https:\/\/buko40.buko.info\/es\/wp-json\/wp\/v2\/types\/page"}],"author":[{"embeddable":true,"href":"https:\/\/buko40.buko.info\/es\/wp-json\/wp\/v2\/users\/6"}],"replies":[{"embeddable":true,"href":"https:\/\/buko40.buko.info\/es\/wp-json\/wp\/v2\/comments?post=78"}],"version-history":[{"count":17,"href":"https:\/\/buko40.buko.info\/es\/wp-json\/wp\/v2\/pages\/78\/revisions"}],"predecessor-version":[{"id":420,"href":"https:\/\/buko40.buko.info\/es\/wp-json\/wp\/v2\/pages\/78\/revisions\/420"}],"wp:attachment":[{"href":"https:\/\/buko40.buko.info\/es\/wp-json\/wp\/v2\/media?parent=78"}],"curies":[{"name":"wp","href":"https:\/\/api.w.org\/{rel}","templated":true}]}}