
{"id":387,"date":"2025-06-16T23:00:38","date_gmt":"2025-06-16T22:00:38","guid":{"rendered":"https:\/\/buko40.buko.info\/?page_id=387"},"modified":"2025-08-14T21:19:13","modified_gmt":"2025-08-14T20:19:13","slug":"impressum","status":"publish","type":"page","link":"https:\/\/buko40.buko.info\/es\/impressum\/","title":{"rendered":"Pie de imprenta"},"content":{"rendered":"<h2>Informaci\u00f3n seg\u00fan \u00a7 5 TMG<\/h2>\n\n\n\n<p><strong>Bundeskoordination Internationalismus (BUKO)<\/strong><br>Verein zur F\u00f6rderung entwicklungsp\u00e4dagogischer Zusammenarbeit e.V. (VzF)<\/p>\n\n\n\n<p><strong>Direcci\u00f3n:<\/strong> Sternstr. 2, 20357 Hamburg<br><strong>Tel\u00e9fono:<\/strong> +49(0)40\/ 393 156<br><strong>correo electr\u00f3nico<\/strong>: mail[at]buko.info<br><strong>P\u00e1gina de inicio:<\/strong> <a href=\"https:\/\/www.buko.info\" target=\"_blank\" rel=\"noreferrer noopener\">www.buko.info<\/a><\/p>\n\n\n\n<p><strong>Representado por:<\/strong> Martin Reiter<\/p>\n\n\n\n<p><strong>Registre su entrada:<\/strong><br>Inscripci\u00f3n en el registro de asociaciones.<br>Juzgado de registro: Amtsgericht Hamburg<br>N\u00famero de registro: 69 VR 9988<\/p>\n\n\n\n<p><strong>N\u00famero de identificaci\u00f3n fiscal<\/strong> seg\u00fan \u00a7 27 a de la ley del impuesto sobre la venta: VAT-ID DE118719982<\/p>\n\n\n\n<p><strong>Responsable del contenido<\/strong> seg\u00fan \u00a7 10 p\u00e1rrafo 3 MDStV: Martin Reiter (direcci\u00f3n como arriba)<\/p>\n\n\n\n<h2><strong>Descargo de responsabilidad:<\/strong><\/h2>\n\n\n\n<p><br><strong>Responsabilidad por los contenidos<\/strong><br><br>Los contenidos de nuestras p\u00e1ginas se han elaborado con el mayor esmero. Sin embargo, no podemos asumir ninguna responsabilidad por la exactitud, integridad y actualidad de los contenidos. Como proveedor de servicios, somos responsables de nuestros propios contenidos en estas p\u00e1ginas de acuerdo con el \u00a7 7 p\u00e1rrafo 1 TMG (Ley alemana de Telemedia) y las leyes generales. Sin embargo, seg\u00fan los \u00a7\u00a7 8 a 10 de la TMG, como proveedor de servicios no estamos obligados a controlar la informaci\u00f3n ajena transmitida o almacenada ni a investigar circunstancias que indiquen una actividad ilegal. Esto no afecta a las obligaciones de eliminar o bloquear el uso de informaci\u00f3n de conformidad con la legislaci\u00f3n general. Sin embargo, la responsabilidad a este respecto s\u00f3lo es posible a partir del momento en que se tiene conocimiento de una infracci\u00f3n concreta. En cuanto tengamos conocimiento de tales infracciones, eliminaremos inmediatamente estos contenidos.<br><br><strong>Responsabilidad de los enlaces<\/strong><br><br>Nuestro sitio web contiene enlaces a sitios web externos de terceros sobre cuyo contenido no tenemos ninguna influencia. Por lo tanto, no podemos aceptar ninguna responsabilidad por este contenido de terceros. El respectivo proveedor u operador de las p\u00e1ginas es siempre responsable del contenido de las p\u00e1ginas enlazadas. Las p\u00e1ginas enlazadas fueron revisadas en el momento de su vinculaci\u00f3n para detectar posibles infracciones legales. En el momento de establecer el enlace no se detectaron contenidos ilegales. Sin embargo, no es razonable un control permanente de los contenidos de las p\u00e1ginas enlazadas sin pruebas concretas de una infracci\u00f3n. Si tenemos conocimiento de alguna infracci\u00f3n legal, eliminaremos dichos enlaces inmediatamente.<br><br><strong>Copyright<\/strong><br><br>Los contenidos y obras creados por los operadores de estas p\u00e1ginas est\u00e1n sujetos a la legislaci\u00f3n alemana sobre derechos de autor. La reproducci\u00f3n, el procesamiento, la distribuci\u00f3n y cualquier tipo de utilizaci\u00f3n fuera de los l\u00edmites de la ley de derechos de autor requieren el consentimiento por escrito del autor o creador correspondiente. Las descargas y copias de este sitio s\u00f3lo est\u00e1n permitidas para uso privado y no comercial. En la medida en que el contenido de este sitio no haya sido creado por el operador, se respetan los derechos de autor de terceros. En particular, los contenidos de terceros est\u00e1n etiquetados como tales. No obstante, si tiene conocimiento de una infracci\u00f3n de los derechos de autor, le rogamos que nos lo comunique. Si tenemos conocimiento de alguna infracci\u00f3n, eliminaremos inmediatamente dicho contenido.<\/p>","protected":false},"excerpt":{"rendered":"<p>Angaben gem\u00e4\u00df \u00a7 5 TMG Bundeskoordination Internationalismus (BUKO)Verein zur F\u00f6rderung entwicklungsp\u00e4dagogischer Zusammenarbeit e.V. (VzF) Adresse: Sternstr. 2, 20357 HamburgTelefon: +49(0)40\/ 393 156E-Mail: mail[at]buko.infoHomepage: www.buko.info Vertreten durch: Martin Reiter Registereintrag:Eintragung im Vereinsregister.Registergericht: Amtsgericht HamburgRegisternummer: 69 VR 9988 Umsatzsteuer-Identifikationsnummer gem\u00e4\u00df \u00a7 27 a Umsatzsteuergesetz: USt-ID DE118719982 Inhaltlich Verantwortlicher gem\u00e4\u00df \u00a7 10 Absatz 3 MDStV: Martin Reiter (Anschrift [&hellip;]<\/p>","protected":false},"author":4,"featured_media":0,"parent":0,"menu_order":0,"comment_status":"closed","ping_status":"closed","template":"","meta":[],"_links":{"self":[{"href":"https:\/\/buko40.buko.info\/es\/wp-json\/wp\/v2\/pages\/387"}],"collection":[{"href":"https:\/\/buko40.buko.info\/es\/wp-json\/wp\/v2\/pages"}],"about":[{"href":"https:\/\/buko40.buko.info\/es\/wp-json\/wp\/v2\/types\/page"}],"author":[{"embeddable":true,"href":"https:\/\/buko40.buko.info\/es\/wp-json\/wp\/v2\/users\/4"}],"replies":[{"embeddable":true,"href":"https:\/\/buko40.buko.info\/es\/wp-json\/wp\/v2\/comments?post=387"}],"version-history":[{"count":1,"href":"https:\/\/buko40.buko.info\/es\/wp-json\/wp\/v2\/pages\/387\/revisions"}],"predecessor-version":[{"id":388,"href":"https:\/\/buko40.buko.info\/es\/wp-json\/wp\/v2\/pages\/387\/revisions\/388"}],"wp:attachment":[{"href":"https:\/\/buko40.buko.info\/es\/wp-json\/wp\/v2\/media?parent=387"}],"curies":[{"name":"wp","href":"https:\/\/api.w.org\/{rel}","templated":true}]}}