
{"id":29,"date":"2025-05-16T11:48:39","date_gmt":"2025-05-16T10:48:39","guid":{"rendered":"https:\/\/buko40.buko.info\/?page_id=29"},"modified":"2025-10-01T12:07:58","modified_gmt":"2025-10-01T11:07:58","slug":"anmeldung","status":"publish","type":"page","link":"https:\/\/buko40.buko.info\/es\/anmeldung\/","title":{"rendered":"Inscripci\u00f3n"},"content":{"rendered":"<p><strong>Lamentablemente, no podemos garantizar plazas de alojamiento para las inscripciones a partir del 1 de octubre de 2025. Sin embargo, la inscripci\u00f3n sigue siendo \u00fatil, ya que tratamos de proporcionar plazas para dormir al mayor n\u00famero posible de personas.<\/strong><\/p>\n\n\n\n<div class=\"is-content-justification-center is-nowrap is-layout-flex wp-container-1 wp-block-group\">\n<iframe loading=\"lazy\" src=\"https:\/\/cloud.kaeptn.org\/apps\/forms\/embed\/Yj9ppB87cBW3KD88r8TySM5n\" width=\"100%\" height=\"2800vh\"><\/iframe>\n<\/div>\n\n\n\n<p><\/p>\n\n\n\n<div class=\"is-content-justification-center is-layout-flex wp-container-2 wp-block-buttons\">\n<div class=\"wp-block-button is-style-fill\"><a class=\"wp-block-button__link has-black-color has-luminous-vivid-orange-background-color has-text-color has-background wp-element-button\" href=\"https:\/\/buko40.buko.info\/es\/datenschutzerklaerung\/\">Pol\u00edtica de privacidad<\/a><\/div>\n<\/div>","protected":false},"excerpt":{"rendered":"<p>Lamentablemente, no podemos garantizar plazas de alojamiento para las inscripciones a partir del 1 de octubre de 2025. Sin embargo, la inscripci\u00f3n sigue siendo \u00fatil, ya que tratamos de proporcionar plazas para dormir al mayor n\u00famero posible de personas.<\/p>","protected":false},"author":6,"featured_media":0,"parent":0,"menu_order":0,"comment_status":"closed","ping_status":"closed","template":"","meta":[],"_links":{"self":[{"href":"https:\/\/buko40.buko.info\/es\/wp-json\/wp\/v2\/pages\/29"}],"collection":[{"href":"https:\/\/buko40.buko.info\/es\/wp-json\/wp\/v2\/pages"}],"about":[{"href":"https:\/\/buko40.buko.info\/es\/wp-json\/wp\/v2\/types\/page"}],"author":[{"embeddable":true,"href":"https:\/\/buko40.buko.info\/es\/wp-json\/wp\/v2\/users\/6"}],"replies":[{"embeddable":true,"href":"https:\/\/buko40.buko.info\/es\/wp-json\/wp\/v2\/comments?post=29"}],"version-history":[{"count":18,"href":"https:\/\/buko40.buko.info\/es\/wp-json\/wp\/v2\/pages\/29\/revisions"}],"predecessor-version":[{"id":903,"href":"https:\/\/buko40.buko.info\/es\/wp-json\/wp\/v2\/pages\/29\/revisions\/903"}],"wp:attachment":[{"href":"https:\/\/buko40.buko.info\/es\/wp-json\/wp\/v2\/media?parent=29"}],"curies":[{"name":"wp","href":"https:\/\/api.w.org\/{rel}","templated":true}]}}