
{"id":2,"date":"2025-03-10T13:32:24","date_gmt":"2025-03-10T12:32:24","guid":{"rendered":"https:\/\/buko40.buko.info\/?page_id=2"},"modified":"2025-08-14T21:18:26","modified_gmt":"2025-08-14T20:18:26","slug":"willkommen","status":"publish","type":"page","link":"https:\/\/buko40.buko.info\/es\/willkommen\/","title":{"rendered":"Bienvenidos al 40\u00ba Congreso de la BUKO"},"content":{"rendered":"<h4><strong>BUKO 40 se celebrar\u00e1 en Kassel del 02 al 05 de octubre de 2025. <br \/>En el congreso queremos debatir, trabajar en red y discutir sobre diversos aspectos de la lucha contra el colonialismo. <br \/>Participe en el debate y establezca contactos.<\/strong><\/h4>\n\n\n<p>&nbsp;&nbsp;&nbsp;&nbsp;&nbsp;&nbsp;&nbsp;&nbsp;&nbsp;&nbsp;&nbsp;&nbsp;&nbsp;&nbsp;&nbsp;&nbsp;&nbsp;&nbsp;&nbsp;&nbsp;&nbsp;&nbsp;&nbsp;&nbsp;&nbsp;&nbsp;&nbsp;&nbsp;&nbsp;&nbsp;&nbsp;&nbsp;&nbsp;&nbsp;&nbsp;&nbsp;&nbsp;&nbsp;&nbsp;&nbsp;&nbsp;&nbsp;&nbsp;&nbsp;&nbsp;&nbsp;&nbsp;&nbsp;&nbsp;&nbsp;&nbsp;&nbsp;&nbsp;&nbsp;&nbsp;&nbsp;&nbsp;&nbsp;&nbsp;&nbsp;&nbsp;&nbsp;&nbsp;&nbsp;&nbsp;&nbsp;&nbsp;&nbsp;<\/p>\n\n\n\n<p>&nbsp;&nbsp;&nbsp;&nbsp;&nbsp;&nbsp;&nbsp;&nbsp;&nbsp;&nbsp;&nbsp;&nbsp;&nbsp;&nbsp;&nbsp;&nbsp;&nbsp;&nbsp;&nbsp;&nbsp;&nbsp;&nbsp;&nbsp;&nbsp;&nbsp;&nbsp;&nbsp;&nbsp;&nbsp;&nbsp;&nbsp;&nbsp;&nbsp;&nbsp;&nbsp;&nbsp;&nbsp;&nbsp;&nbsp;&nbsp;&nbsp;&nbsp;&nbsp;&nbsp;&nbsp;&nbsp;&nbsp;&nbsp;&nbsp;&nbsp;&nbsp;&nbsp;&nbsp;&nbsp;&nbsp;&nbsp;&nbsp;&nbsp;&nbsp;&nbsp;&nbsp;&nbsp;&nbsp;&nbsp;&nbsp;&nbsp;&nbsp;&nbsp;<\/p>\n\n\n\n<p>&nbsp;<em>El antisemitismo, el racismo (antimusulm\u00e1n), el antiziganismo, el sexismo, la hostilidad queer y todas las dem\u00e1s actitudes mis\u00e1ntropas no son bienvenidas en el congreso.<\/em><\/p>\n\n\n<div class=\"wp-block-image\">\n<figure class=\"aligncenter size-large is-resized\"><img decoding=\"async\" loading=\"lazy\" src=\"https:\/\/buko40.buko.info\/wp-content\/uploads\/2025\/06\/Hydra-3-Farben-schwarze-Buchstaben--875x1024.png\" alt=\"Oben: Ein Globus, der von einer Hydra umschlungen wird. Darunter: der Schriftzug &quot;buko&quot;\" class=\"wp-image-323\" width=\"341\" height=\"399\" srcset=\"https:\/\/buko40.buko.info\/wp-content\/uploads\/2025\/06\/Hydra-3-Farben-schwarze-Buchstaben--875x1024.png 875w, https:\/\/buko40.buko.info\/wp-content\/uploads\/2025\/06\/Hydra-3-Farben-schwarze-Buchstaben--256x300.png 256w, https:\/\/buko40.buko.info\/wp-content\/uploads\/2025\/06\/Hydra-3-Farben-schwarze-Buchstaben--768x899.png 768w, https:\/\/buko40.buko.info\/wp-content\/uploads\/2025\/06\/Hydra-3-Farben-schwarze-Buchstaben--1313x1536.png 1313w, https:\/\/buko40.buko.info\/wp-content\/uploads\/2025\/06\/Hydra-3-Farben-schwarze-Buchstaben--1750x2048.png 1750w, https:\/\/buko40.buko.info\/wp-content\/uploads\/2025\/06\/Hydra-3-Farben-schwarze-Buchstaben--10x12.png 10w, https:\/\/buko40.buko.info\/wp-content\/uploads\/2025\/06\/Hydra-3-Farben-schwarze-Buchstaben-.png 2016w\" sizes=\"(max-width: 341px) 100vw, 341px\" \/><\/figure><\/div>","protected":false},"excerpt":{"rendered":"<p>\u00a1BUKO 40 tendr\u00e1 lugar en Kassel del 02 al 05 de octubre de 2025! En el congreso queremos debatir, trabajar en red y discutir sobre diversos aspectos de la lucha contra el colonialismo. \u00a1\u00danete a nosotros, participa en el debate y trabaja en red!                                                                                                                                            El antisemitismo, el racismo (antimusulm\u00e1n), el antiziganismo, el sexismo, la hostilidad queer y todas las dem\u00e1s actitudes mis\u00e1ntropas no son bienvenidas en el congreso.<\/p>","protected":false},"author":6,"featured_media":0,"parent":0,"menu_order":0,"comment_status":"closed","ping_status":"closed","template":"","meta":[],"_links":{"self":[{"href":"https:\/\/buko40.buko.info\/es\/wp-json\/wp\/v2\/pages\/2"}],"collection":[{"href":"https:\/\/buko40.buko.info\/es\/wp-json\/wp\/v2\/pages"}],"about":[{"href":"https:\/\/buko40.buko.info\/es\/wp-json\/wp\/v2\/types\/page"}],"author":[{"embeddable":true,"href":"https:\/\/buko40.buko.info\/es\/wp-json\/wp\/v2\/users\/6"}],"replies":[{"embeddable":true,"href":"https:\/\/buko40.buko.info\/es\/wp-json\/wp\/v2\/comments?post=2"}],"version-history":[{"count":47,"href":"https:\/\/buko40.buko.info\/es\/wp-json\/wp\/v2\/pages\/2\/revisions"}],"predecessor-version":[{"id":499,"href":"https:\/\/buko40.buko.info\/es\/wp-json\/wp\/v2\/pages\/2\/revisions\/499"}],"wp:attachment":[{"href":"https:\/\/buko40.buko.info\/es\/wp-json\/wp\/v2\/media?parent=2"}],"curies":[{"name":"wp","href":"https:\/\/api.w.org\/{rel}","templated":true}]}}