
{"id":183,"date":"2025-05-27T01:17:34","date_gmt":"2025-05-27T00:17:34","guid":{"rendered":"https:\/\/buko40.buko.info\/?page_id=183"},"modified":"2025-05-27T01:18:11","modified_gmt":"2025-05-27T00:18:11","slug":"datenschutzerklaerung","status":"publish","type":"page","link":"https:\/\/buko40.buko.info\/es\/datenschutzerklaerung\/","title":{"rendered":"Pol\u00edtica de privacidad"},"content":{"rendered":"<p><strong>Informaci\u00f3n seg\u00fan la DSGVO<\/strong><\/p>\n\n\n\n<p>El responsable del tratamiento en el sentido de las leyes de protecci\u00f3n de datos, en particular el Reglamento General de Protecci\u00f3n de Datos de la UE (GDPR), es la Verein zur F\u00f6rderung entwicklungsp\u00e4dagogischer Zusammenarbeit e.V. (VzF), Sternstr. 2, 20357 Hamburg, <a href=\"https:\/\/www.buko.info\/datenschutzerklaerung#\">mail[at]buko.info<\/a><br><\/p>\n\n\n\n<h4><strong>Protecci\u00f3n de datos<\/strong><\/h4>\n\n\n\n<p>Por lo general, es posible utilizar nuestro sitio web sin necesidad de facilitar datos personales. Si en nuestro sitio web se recogen datos personales (por ejemplo, nombre, direcci\u00f3n o direcciones de correo electr\u00f3nico), se hace siempre de forma voluntaria en la medida de lo posible. Estos datos no se transmitir\u00e1n a terceros sin su consentimiento expreso.<\/p>\n\n\n\n<p>Nos gustar\u00eda se\u00f1alar que la transmisi\u00f3n de datos a trav\u00e9s de Internet puede estar sujeta a vulnerabilidades de seguridad. No es posible una protecci\u00f3n completa de los datos contra el acceso de terceros.<\/p>\n\n\n\n<p>Por la presente se proh\u00edbe expresamente el uso de los datos de contacto publicados en el marco de la obligaci\u00f3n de pie de imprenta por parte de terceros para el env\u00edo de material publicitario e informativo no solicitado. Los operadores de este sitio web se reservan expresamente el derecho a emprender acciones legales en caso de env\u00edo no solicitado de informaci\u00f3n publicitaria, como correos electr\u00f3nicos basura.<\/p>\n\n\n\n<h4>Archivos de registro del servidor<\/h4>\n\n\n\n<p>El proveedor de las p\u00e1ginas recopila y almacena autom\u00e1ticamente informaci\u00f3n en los denominados archivos de registro del servidor, que su navegador nos transmite autom\u00e1ticamente. Estos datos son Tipo de navegador y versi\u00f3n del navegador, sistema operativo utilizado, URL de referencia, nombre de host del ordenador que accede, hora de la consulta al servidor. Estos datos no permiten la identificaci\u00f3n personal.<\/p>\n\n\n\n<h4>Cookies<\/h4>\n\n\n\n<p>Los sistemas de gesti\u00f3n de contenidos (CMS) utilizan cookies de forma est\u00e1ndar para \"identificar\" al usuario a trav\u00e9s del sitio web. Nuestras p\u00e1ginas se muestran utilizando un CMS de este tipo. Las cookies son peque\u00f1os archivos de texto que se almacenan en su ordenador y que guarda su navegador. Las cookies no causan ning\u00fan da\u00f1o a su ordenador y no contienen virus. Las cookies se utilizan para que nuestro sitio web sea m\u00e1s f\u00e1cil de usar, eficaz y seguro.<br>La mayor\u00eda de las cookies que utilizamos son las denominadas \"cookies de sesi\u00f3n\". Se eliminan autom\u00e1ticamente al final de su visita. Otras cookies permanecen almacenadas en su dispositivo final hasta que usted las borra. Estas cookies nos permiten reconocer su navegador en su pr\u00f3xima visita.<br>Puede configurar su navegador para que le informe sobre la instalaci\u00f3n de cookies y permitirlas s\u00f3lo en casos individuales, excluir la aceptaci\u00f3n de cookies para determinados casos o en general y activar la eliminaci\u00f3n autom\u00e1tica de cookies al cerrar el navegador. Si se desactivan las cookies, la funcionalidad de este sitio web puede verse limitada.<\/p>\n\n\n\n<h4>Contacto y datos de contacto<\/h4>\n\n\n\n<p>Si se pone en contacto con nosotros por correo electr\u00f3nico, formulario de contacto o de cualquier otra forma, la informaci\u00f3n que nos proporcione se almacenar\u00e1 con el fin de procesar la consulta y para posibles preguntas de seguimiento. No transmitiremos estos datos a terceros sin su consentimiento.<\/p>\n\n\n\n<h4>Sus derechos de informaci\u00f3n, rectificaci\u00f3n, bloqueo, supresi\u00f3n y oposici\u00f3n<\/h4>\n\n\n\n<p>Tiene derecho a recibir informaci\u00f3n sobre sus datos personales almacenados por nosotros en cualquier momento. Tambi\u00e9n tiene derecho a que sus datos personales sean corregidos, bloqueados o, aparte del almacenamiento de datos prescrito para transacciones comerciales, borrados. P\u00f3ngase en contacto con nuestro responsable de protecci\u00f3n de datos. Encontrar\u00e1 los datos de contacto m\u00e1s abajo.<\/p>\n\n\n\n<p>Para garantizar que los datos puedan bloquearse en cualquier momento, deben conservarse en un archivo de bloqueo con fines de control. Tambi\u00e9n puede solicitar la supresi\u00f3n de los datos, siempre que no exista obligaci\u00f3n legal de archivarlos. Si existe tal obligaci\u00f3n, bloquearemos sus datos previa solicitud.<\/p>\n\n\n\n<p>Puede modificar o retirar su consentimiento con efecto para el futuro notific\u00e1ndonoslo.<\/p>\n\n\n\n<h4>Periodo de almacenamiento, supresi\u00f3n y bloqueo de datos<\/h4>\n\n\n\n<p>Nos adherimos a los principios de evitaci\u00f3n y minimizaci\u00f3n de datos. Por lo tanto, s\u00f3lo almacenamos sus datos personales durante el tiempo necesario para cumplir los fines aqu\u00ed indicados o durante los distintos periodos de almacenamiento estipulados por la ley. Una vez que la finalidad respectiva deja de ser aplicable o expiran dichos plazos, los datos correspondientes se bloquean o eliminan de forma rutinaria de conformidad con las disposiciones legales.<\/p>\n\n\n\n<h4>Cambios en nuestra pol\u00edtica de privacidad<\/h4>\n\n\n\n<p>Nos reservamos el derecho a modificar esta pol\u00edtica de privacidad de vez en cuando para asegurarnos de que siempre cumple con los requisitos legales vigentes o para implementar cambios en nuestros servicios en la pol\u00edtica de privacidad, por ejemplo, al introducir nuevos servicios. La nueva pol\u00edtica de privacidad se aplicar\u00e1 a su pr\u00f3xima visita.<\/p>","protected":false},"excerpt":{"rendered":"<p>Angaben gem\u00e4\u00df DSGVO Verantwortliche Stelle im Sinne der Datenschutzgesetze, insbesondere der EU-Datenschutzgrundverordnung (DSGVO), ist der Verein zur F\u00f6rderung entwicklungsp\u00e4dagogischer Zusammenarbeit e.V. (VzF), Sternstr. 2, 20357 Hamburg, mail[at]buko.info Datenschutz Die Nutzung unserer Webseite ist in der Regel ohne Angabe personenbezogener Daten m\u00f6glich. Falls auf unseren Seiten personenbezogene Daten (beispielsweise Name, Anschrift oder E-Mail-Adressen) erhoben werden, erfolgt [&hellip;]<\/p>","protected":false},"author":6,"featured_media":0,"parent":0,"menu_order":0,"comment_status":"closed","ping_status":"closed","template":"","meta":[],"_links":{"self":[{"href":"https:\/\/buko40.buko.info\/es\/wp-json\/wp\/v2\/pages\/183"}],"collection":[{"href":"https:\/\/buko40.buko.info\/es\/wp-json\/wp\/v2\/pages"}],"about":[{"href":"https:\/\/buko40.buko.info\/es\/wp-json\/wp\/v2\/types\/page"}],"author":[{"embeddable":true,"href":"https:\/\/buko40.buko.info\/es\/wp-json\/wp\/v2\/users\/6"}],"replies":[{"embeddable":true,"href":"https:\/\/buko40.buko.info\/es\/wp-json\/wp\/v2\/comments?post=183"}],"version-history":[{"count":1,"href":"https:\/\/buko40.buko.info\/es\/wp-json\/wp\/v2\/pages\/183\/revisions"}],"predecessor-version":[{"id":184,"href":"https:\/\/buko40.buko.info\/es\/wp-json\/wp\/v2\/pages\/183\/revisions\/184"}],"wp:attachment":[{"href":"https:\/\/buko40.buko.info\/es\/wp-json\/wp\/v2\/media?parent=183"}],"curies":[{"name":"wp","href":"https:\/\/api.w.org\/{rel}","templated":true}]}}