
{"id":79,"date":"2025-05-26T23:09:34","date_gmt":"2025-05-26T22:09:34","guid":{"rendered":"https:\/\/buko40.buko.info\/?page_id=79"},"modified":"2025-10-02T11:14:45","modified_gmt":"2025-10-02T10:14:45","slug":"veranstaltungsort","status":"publish","type":"page","link":"https:\/\/buko40.buko.info\/en\/veranstaltungsort\/","title":{"rendered":"Venue"},"content":{"rendered":"<h2>Philipp Scheidemann House<\/h2>\n\n\n\n<p>The Philipp Scheidemann House is where most of the content-related events take place. You will find most of the lectures and workshops on offer in various seminar rooms and an event hall. This is also where you will find the registration desk, catering and information stands.<\/p>\n\n\n\n<p><strong>Bus stop: Halitplatz<\/strong><br><strong>Address: Holl\u00e4ndische Stra\u00dfe 74, 34127 Kassel<\/strong><\/p>\n\n\n\n<h2>Studierendenhaus<\/h2>\n\n\n\n<p>The film programme will take place in the \u2018Studierendenhaus\u2019. The \u2018F\u00e4rberei\u2019, where a concert will be held as part of the congress, is also located there.<\/p>\n\n\n\n<p><strong>Address: Univer\u00adsit\u00e4tsplatz 10, 34127 Kassel<\/strong><\/p>\n\n\n\n<h5>Regional places of colonial history<\/h5>\n\n\n\n<p>In Kassel, G\u00f6ttingen and Witzenhausen, a number of places, companies and people are intertwined with colonial history. Local initiatives have uncovered the colonial connections and offer information.<\/p>\n\n\n\n<p><a href=\"http:\/\/kassel-postkolonial.de\/#\" target=\"_blank\" rel=\"noreferrer noopener\">Kassel<\/a><\/p>\n\n\n\n<p><a href=\"https:\/\/goettingen-postkolonial.de\/\" target=\"_blank\" rel=\"noreferrer noopener\">G\u00f6ttingen<\/a><\/p>\n\n\n\n<p><a rel=\"noreferrer noopener\" href=\"https:\/\/www.uni-kassel.de\/fb11agrar\/infothek\/witzenhausen-und-der-kolonialismus.html\" target=\"_blank\">Witzenhausen<\/a><\/p>","protected":false},"excerpt":{"rendered":"<p>Philipp\u2010Scheidemann\u2010Haus Im Philipp\u2010Scheidemann\u2010Haus finden vor allem die inhaltlichen Veranstaltungen statt. In verschiedenen Seminarr\u00e4umen und einem Veranstaltungssaal findet ihr die meisten der angebotenen Vortr\u00e4ge und Workshops. Hier findet ihr auch die Anmeldung, sowie Verpflegung und Infost\u00e4nde. Haltestelle: HalitplatzAdresse: Holl\u00e4ndische Stra\u00dfe 74, 34127 Kassel Studierendenhaus Im Studierendenhaus findet das Filmprogramm statt. Dort befindet sich auch die F\u00e4rberei, [&hellip;]<\/p>","protected":false},"author":4,"featured_media":0,"parent":0,"menu_order":0,"comment_status":"closed","ping_status":"closed","template":"","meta":[],"_links":{"self":[{"href":"https:\/\/buko40.buko.info\/en\/wp-json\/wp\/v2\/pages\/79"}],"collection":[{"href":"https:\/\/buko40.buko.info\/en\/wp-json\/wp\/v2\/pages"}],"about":[{"href":"https:\/\/buko40.buko.info\/en\/wp-json\/wp\/v2\/types\/page"}],"author":[{"embeddable":true,"href":"https:\/\/buko40.buko.info\/en\/wp-json\/wp\/v2\/users\/4"}],"replies":[{"embeddable":true,"href":"https:\/\/buko40.buko.info\/en\/wp-json\/wp\/v2\/comments?post=79"}],"version-history":[{"count":13,"href":"https:\/\/buko40.buko.info\/en\/wp-json\/wp\/v2\/pages\/79\/revisions"}],"predecessor-version":[{"id":1014,"href":"https:\/\/buko40.buko.info\/en\/wp-json\/wp\/v2\/pages\/79\/revisions\/1014"}],"wp:attachment":[{"href":"https:\/\/buko40.buko.info\/en\/wp-json\/wp\/v2\/media?parent=79"}],"curies":[{"name":"wp","href":"https:\/\/api.w.org\/{rel}","templated":true}]}}