
{"id":78,"date":"2025-05-26T23:09:34","date_gmt":"2025-05-26T22:09:34","guid":{"rendered":"https:\/\/buko40.buko.info\/?page_id=78"},"modified":"2025-06-22T12:19:47","modified_gmt":"2025-06-22T11:19:47","slug":"die-buko","status":"publish","type":"page","link":"https:\/\/buko40.buko.info\/en\/die-buko\/","title":{"rendered":"The BUKO"},"content":{"rendered":"<p>The Federal Coordination for Internationalism (BUKO) is the organiser of the congress and stands for emancipatory politics, radical criticism of social conditions and an internationalist movement. It is an independent umbrella organisation to which 104 One World groups, development policy organisations, inter- and transnationalist initiatives, solidarity groups, shops, campaigns and magazine projects as well as almost 100 individuals currently belong. BUKO was founded in 1977, making it one of the oldest grassroots networks in Germany. The origins of BUKO lie in the solidarity movements with the liberation struggles in the South.<\/p>\n\n\n\n<p>BUKO sees itself as a place for left-wing debates critical of domination and networks BUKO campaigns and working contexts that have emerged from development policy mobilisation and political work. BUKO seeks open dialogue with other emancipatory movements and non-governmental organisations.<\/p>\n\n\n<div class=\"wp-block-image\">\n<figure class=\"aligncenter size-medium\"><a href=\"https:\/\/www.buko.info\"><img decoding=\"async\" loading=\"lazy\" width=\"300\" height=\"219\" src=\"https:\/\/buko40.buko.info\/wp-content\/uploads\/2025\/06\/buko_logo-RGB-300x219.png\" alt=\"Logo: buko bundeskoordination internationalismus\" class=\"wp-image-370\" srcset=\"https:\/\/buko40.buko.info\/wp-content\/uploads\/2025\/06\/buko_logo-RGB-300x219.png 300w, https:\/\/buko40.buko.info\/wp-content\/uploads\/2025\/06\/buko_logo-RGB-16x12.png 16w, https:\/\/buko40.buko.info\/wp-content\/uploads\/2025\/06\/buko_logo-RGB.png 717w\" sizes=\"(max-width: 300px) 100vw, 300px\" \/><\/a><\/figure><\/div>\n\n\n<hr class=\"wp-block-separator has-alpha-channel-opacity is-style-default\"\/>\n\n\n\n<div class=\"is-content-justification-center is-layout-flex wp-container-1 wp-block-buttons\">\n<div class=\"wp-block-button\"><a class=\"wp-block-button__link has-black-color has-text-color has-background wp-element-button\" href=\"https:\/\/www.betterplace.org\/en\/projects\/156283\" style=\"background-color:#ff6600\">Donations for the congress<\/a><\/div>\n<\/div>","protected":false},"excerpt":{"rendered":"<p>Die Bundeskoordination Internationalismus (BUKO) ist Veranstalterin des Kongresses und steht f\u00fcr emanzipatorische Politik, radikale Kritik der gesellschaftlichen Verh\u00e4ltnisse und f\u00fcr eine internationalistische Bewegung. Sie ist ein unabh\u00e4ngiger Dachverband, dem derzeit 104 Eine-Welt-Gruppen, entwicklungspolitische Organisationen, inter- bzw. transnationalistische Initiativen, Solidarit\u00e4tsgruppen, L\u00e4den, Kampagnen und Zeitschriftenprojekte sowie zur Zeit fast 100 Einzelpersonen angeh\u00f6ren. Die BUKO wurde 1977 gegr\u00fcndet [&hellip;]<\/p>","protected":false},"author":6,"featured_media":0,"parent":0,"menu_order":0,"comment_status":"closed","ping_status":"closed","template":"","meta":[],"_links":{"self":[{"href":"https:\/\/buko40.buko.info\/en\/wp-json\/wp\/v2\/pages\/78"}],"collection":[{"href":"https:\/\/buko40.buko.info\/en\/wp-json\/wp\/v2\/pages"}],"about":[{"href":"https:\/\/buko40.buko.info\/en\/wp-json\/wp\/v2\/types\/page"}],"author":[{"embeddable":true,"href":"https:\/\/buko40.buko.info\/en\/wp-json\/wp\/v2\/users\/6"}],"replies":[{"embeddable":true,"href":"https:\/\/buko40.buko.info\/en\/wp-json\/wp\/v2\/comments?post=78"}],"version-history":[{"count":17,"href":"https:\/\/buko40.buko.info\/en\/wp-json\/wp\/v2\/pages\/78\/revisions"}],"predecessor-version":[{"id":420,"href":"https:\/\/buko40.buko.info\/en\/wp-json\/wp\/v2\/pages\/78\/revisions\/420"}],"wp:attachment":[{"href":"https:\/\/buko40.buko.info\/en\/wp-json\/wp\/v2\/media?parent=78"}],"curies":[{"name":"wp","href":"https:\/\/api.w.org\/{rel}","templated":true}]}}