
{"id":79,"date":"2025-05-26T23:09:34","date_gmt":"2025-05-26T22:09:34","guid":{"rendered":"https:\/\/buko40.buko.info\/?page_id=79"},"modified":"2025-10-02T11:14:45","modified_gmt":"2025-10-02T10:14:45","slug":"veranstaltungsort","status":"publish","type":"page","link":"https:\/\/buko40.buko.info\/ar\/veranstaltungsort\/","title":{"rendered":"\u0627\u0644\u0645\u0643\u0627\u0646"},"content":{"rendered":"<h2>\u0628\u064a\u062a \u0641\u064a\u0644\u064a\u0628 \u0634\u064a\u062f\u0645\u0627\u0646<\/h2>\n\n\n\n<p>\u0628\u064a\u062a \u0641\u064a\u0644\u064a\u0628 \u0634\u064a\u062f\u0645\u0627\u0646 \u0647\u0648 \u0627\u0644\u0645\u0643\u0627\u0646 \u0627\u0644\u0630\u064a \u062a\u0642\u0627\u0645 \u0641\u064a\u0647 \u0645\u0639\u0638\u0645 \u0627\u0644\u0641\u0639\u0627\u0644\u064a\u0627\u062a \u0627\u0644\u0645\u062a\u0639\u0644\u0642\u0629 \u0628\u0627\u0644\u0645\u062d\u062a\u0648\u0649. \u0633\u062a\u062c\u062f \u0645\u0639\u0638\u0645 \u0627\u0644\u0645\u062d\u0627\u0636\u0631\u0627\u062a \u0648\u0648\u0631\u0634 \u0627\u0644\u0639\u0645\u0644 \u0627\u0644\u0645\u0639\u0631\u0648\u0636\u0629 \u0641\u064a \u0642\u0627\u0639\u0627\u062a \u0627\u0644\u0646\u062f\u0648\u0627\u062a \u0627\u0644\u0645\u062e\u062a\u0644\u0641\u0629 \u0648\u0642\u0627\u0639\u0629 \u0627\u0644\u0641\u0639\u0627\u0644\u064a\u0627\u062a. \u0647\u0630\u0627 \u0647\u0648 \u0627\u0644\u0645\u0643\u0627\u0646 \u0627\u0644\u0630\u064a \u0633\u062a\u062c\u062f \u0641\u064a\u0647 \u0623\u064a\u0636\u0627\u064b \u0645\u0643\u062a\u0628 \u0627\u0644\u062a\u0633\u062c\u064a\u0644\u060c \u0648\u0645\u0643\u0627\u062a\u0628 \u062a\u0642\u062f\u064a\u0645 \u0627\u0644\u0637\u0639\u0627\u0645 \u0648\u0623\u0643\u0634\u0627\u0643 \u0627\u0644\u0645\u0639\u0644\u0648\u0645\u0627\u062a.<\/p>\n\n\n\n<p><strong>\u0645\u062d\u0637\u0629 \u0627\u0644\u062d\u0627\u0641\u0644\u0627\u062a: \u0647\u0627\u0644\u064a\u062a\u0628\u0644\u0627\u062a\u0632<\/strong><br><strong>\u0627\u0644\u0639\u0646\u0648\u0627\u0646: Holl\u00e4ndische Stra\u00dfe 74\u060c 34127 \u0643\u0627\u0633\u0644<\/strong><\/p>\n\n\n\n<h2>Studierendenhaus<\/h2>\n\n\n\n<p>Im Studierendenhaus findet das Filmprogramm statt. Dort befindet sich auch die F\u00e4rberei, in der ein Konzert im Rahmen des Kongresses stattfindet.<\/p>\n\n\n\n<p><strong>Adresse: Univer\u00adsit\u00e4tsplatz 10, 34127 Kassel<\/strong><\/p>\n\n\n\n<h5>\u0627\u0644\u0623\u0645\u0627\u0643\u0646 \u0627\u0644\u0625\u0642\u0644\u064a\u0645\u064a\u0629 \u0644\u0644\u062a\u0627\u0631\u064a\u062e \u0627\u0644\u0627\u0633\u062a\u0639\u0645\u0627\u0631\u064a<\/h5>\n\n\n\n<p>\u064a\u062a\u0634\u0627\u0628\u0643 \u0639\u062f\u062f \u0645\u0646 \u0627\u0644\u0623\u0645\u0627\u0643\u0646 \u0648\u0627\u0644\u0634\u0631\u0643\u0627\u062a \u0648\u0627\u0644\u0623\u0634\u062e\u0627\u0635 \u0641\u064a \u0643\u0627\u0633\u0644 \u0648\u063a\u0648\u062a\u0646\u063a\u0646 \u0648\u0641\u064a\u062a\u0632\u0646\u0647\u0627\u0648\u0632\u0646 \u0645\u0639 \u0627\u0644\u062a\u0627\u0631\u064a\u062e \u0627\u0644\u0627\u0633\u062a\u0639\u0645\u0627\u0631\u064a. \u0648\u0642\u062f \u0643\u0634\u0641\u062a \u0627\u0644\u0645\u0628\u0627\u062f\u0631\u0627\u062a \u0627\u0644\u0645\u062d\u0644\u064a\u0629 \u0639\u0646 \u0627\u0644\u0631\u0648\u0627\u0628\u0637 \u0627\u0644\u0627\u0633\u062a\u0639\u0645\u0627\u0631\u064a\u0629 \u0648\u0642\u062f\u0645\u062a \u0645\u0639\u0644\u0648\u0645\u0627\u062a \u0639\u0646\u0647\u0627.<\/p>\n\n\n\n<p><a href=\"http:\/\/kassel-postkolonial.de\/#\" target=\"_blank\" rel=\"noreferrer noopener\">\u0643\u0627\u0633\u0644<\/a><\/p>\n\n\n\n<p><a href=\"https:\/\/goettingen-postkolonial.de\/\" target=\"_blank\" rel=\"noreferrer noopener\">\u063a\u0648\u062a\u0646\u063a\u0646<\/a><\/p>\n\n\n\n<p><a rel=\"noreferrer noopener\" href=\"https:\/\/www.uni-kassel.de\/fb11agrar\/infothek\/witzenhausen-und-der-kolonialismus.html\" target=\"_blank\">\u0641\u064a\u062a\u0632\u0646\u0647\u0627\u0648\u0632\u0646<\/a><\/p>","protected":false},"excerpt":{"rendered":"<p>Philipp\u2010Scheidemann\u2010Haus Im Philipp\u2010Scheidemann\u2010Haus finden vor allem die inhaltlichen Veranstaltungen statt. In verschiedenen Seminarr\u00e4umen und einem Veranstaltungssaal findet ihr die meisten der angebotenen Vortr\u00e4ge und Workshops. Hier findet ihr auch die Anmeldung, sowie Verpflegung und Infost\u00e4nde. Haltestelle: HalitplatzAdresse: Holl\u00e4ndische Stra\u00dfe 74, 34127 Kassel Studierendenhaus Im Studierendenhaus findet das Filmprogramm statt. Dort befindet sich auch die F\u00e4rberei, [&hellip;]<\/p>","protected":false},"author":4,"featured_media":0,"parent":0,"menu_order":0,"comment_status":"closed","ping_status":"closed","template":"","meta":[],"_links":{"self":[{"href":"https:\/\/buko40.buko.info\/ar\/wp-json\/wp\/v2\/pages\/79"}],"collection":[{"href":"https:\/\/buko40.buko.info\/ar\/wp-json\/wp\/v2\/pages"}],"about":[{"href":"https:\/\/buko40.buko.info\/ar\/wp-json\/wp\/v2\/types\/page"}],"author":[{"embeddable":true,"href":"https:\/\/buko40.buko.info\/ar\/wp-json\/wp\/v2\/users\/4"}],"replies":[{"embeddable":true,"href":"https:\/\/buko40.buko.info\/ar\/wp-json\/wp\/v2\/comments?post=79"}],"version-history":[{"count":13,"href":"https:\/\/buko40.buko.info\/ar\/wp-json\/wp\/v2\/pages\/79\/revisions"}],"predecessor-version":[{"id":1014,"href":"https:\/\/buko40.buko.info\/ar\/wp-json\/wp\/v2\/pages\/79\/revisions\/1014"}],"wp:attachment":[{"href":"https:\/\/buko40.buko.info\/ar\/wp-json\/wp\/v2\/media?parent=79"}],"curies":[{"name":"wp","href":"https:\/\/api.w.org\/{rel}","templated":true}]}}