
{"id":409,"date":"2025-06-22T12:04:26","date_gmt":"2025-06-22T11:04:26","guid":{"rendered":"https:\/\/buko40.buko.info\/?page_id=409"},"modified":"2025-09-25T22:58:50","modified_gmt":"2025-09-25T21:58:50","slug":"fussnote-zu-israel-und-palsaetina","status":"publish","type":"page","link":"https:\/\/buko40.buko.info\/ar\/fussnote-zu-israel-und-palsaetina\/","title":{"rendered":"Fu\u00dfnote zu Israel und Pal\u00e4stina"},"content":{"rendered":"<p>\u064a\u064f\u0642\u0633\u0651\u0645 \u0627\u0644\u0635\u0631\u0627\u0639 \u0627\u0644\u0625\u0633\u0631\u0627\u0626\u064a\u0644\u064a \u0627\u0644\u0641\u0644\u0633\u0637\u064a\u0646\u064a \u0627\u0644\u064a\u0633\u0627\u0631. \u0646\u0631\u064a\u062f \u0623\u0646 \u0646\u0633\u0639\u0649 \u0644\u062a\u0633\u0647\u064a\u0644 \u0627\u0644\u0646\u0642\u0627\u0634\u0627\u062a \u0648\u0628\u0646\u0627\u0621 \u0627\u0644\u062c\u0633\u0648\u0631. \u0645\u0646 \u0627\u0644\u0648\u0627\u0636\u062d \u0644\u0646\u0627 \u0623\u0646 \u0645\u062c\u0627\u0632\u0631 \u0627\u0644\u0633\u0627\u0628\u0639 \u0645\u0646 \u0623\u0643\u062a\u0648\u0628\u0631 \u0644\u064a\u0633\u062a \u0639\u0645\u0644\u0627\u064b \u062a\u062d\u0631\u0631\u064a\u0627\u064b\u060c \u0648\u0623\u0646 \u0642\u0635\u0641 \u063a\u0632\u0629 \u0627\u0644\u0630\u064a \u0623\u0648\u062f\u0649 \u0628\u062d\u064a\u0627\u0629 \u0639\u0634\u0631\u0627\u062a \u0627\u0644\u0622\u0644\u0627\u0641 \u0645\u0646 \u0627\u0644\u0636\u062d\u0627\u064a\u0627 \u0644\u064a\u0633 \u062f\u0641\u0627\u0639\u0627\u064b \u0645\u0634\u0631\u0648\u0639\u0627\u064b \u0639\u0646 \u0627\u0644\u0646\u0641\u0633. \u0644\u0627 \u0645\u0643\u0627\u0646 \u0644\u0645\u0639\u0627\u062f\u0627\u0629 \u0627\u0644\u0633\u0627\u0645\u064a\u0629 \u0641\u064a BUKO\u060c \u0648\u0643\u0630\u0644\u0643 \u0623\u0634\u0643\u0627\u0644 \u0627\u0644\u0639\u0646\u0635\u0631\u064a\u0629 \u0648\u0627\u0644\u062a\u0645\u064a\u064a\u0632 \u0627\u0644\u0623\u062e\u0631\u0649.<\/p>\n\n\n\n<p>\u0645\u0646 \u0627\u0644\u0636\u0631\u0648\u0631\u064a \u0623\u0646 \u0646\u0641\u0631\u0651\u0642 \u0628\u064a\u0646 \u0623\u0646\u0627\u0633 \u0627\u0644\u064a\u0647\u0648\u062f\u064a \u0648\u0627\u0644\u0645\u0648\u0627\u0637\u0646\u064a\u0646 \u0627\u0644\u0625\u0633\u0631\u0627\u0626\u064a\u0644\u064a\u064a\u0646 \u0648\u062f\u0648\u0644\u0629 \u0625\u0633\u0631\u0627\u0626\u064a\u0644 - \u0633\u0648\u0627\u0621\u064b \u0639\u0646\u062f \u0645\u0647\u0627\u062c\u0645\u0629 \u0627\u0644\u0645\u0639\u0627\u0628\u062f \u0627\u0644\u064a\u0647\u0648\u062f\u064a\u0629 \u0631\u062f\u0627\u064b \u0639\u0644\u0649 \u0627\u0644\u0639\u0645\u0644\u064a\u0627\u062a \u0627\u0644\u0639\u0633\u0643\u0631\u064a\u0629 \u0627\u0644\u0625\u0633\u0631\u0627\u0626\u064a\u0644\u064a\u0629\u060c \u0623\u0648 \u0639\u0646\u062f \u0648\u0635\u0641 \u0627\u0644\u0627\u062d\u062a\u062c\u0627\u062c\u0627\u062a \u0636\u062f \u0646\u0648\u0639 \u0627\u0644\u062d\u0631\u0628 \u0625\u0633\u0631\u0627\u0626\u064a\u0644 \u0628\u0623\u0646\u0647\u0627 \u0645\u0639\u0627\u062f\u064a\u0629 \u0644\u0644\u0633\u0627\u0645\u064a\u0629 \u0639\u0644\u0649 \u0646\u0637\u0627\u0642 \u0648\u0627\u0633\u0639.\n\n \u0648\u064a\u0646\u0637\u0628\u0642 \u0627\u0644\u062a\u0645\u064a\u064a\u0632 \u0646\u0641\u0633\u0647 \u0623\u064a\u0636\u0627\u064b \u0639\u0644\u0649 \u0627\u0644\u0641\u0644\u0633\u0637\u064a\u0646\u064a\u064a\u0646 \u0648\u062d\u0645\u0627\u0633\u060c \u0627\u0644\u0644\u0630\u064a\u0646 \u0644\u0627 \u064a\u0645\u0643\u0646 \u0645\u0642\u0627\u0631\u0646\u062a\u0647\u0645\u0627. \u0645\u0646 \u0627\u0644\u0645\u0647\u0645 \u0623\u064a\u0636\u0627\u064b \u0645\u0644\u0627\u062d\u0638\u0629 \u0623\u0646 \u0627\u0644\u0635\u0631\u0627\u0639 \u064a\u062a\u0645\u064a\u0632 \u0628\u0639\u0644\u0627\u0642\u0627\u062a \u0642\u0648\u0629 \u063a\u064a\u0631 \u0645\u062a\u0643\u0627\u0641\u0626\u0629\u060c \u0643\u0645\u0627 \u064a\u062a\u0636\u062d \u062c\u0644\u064a\u0627\u064b \u0645\u0646 \u062d\u0631\u0628 \u063a\u0632\u0629.<\/p>\n\n\n\n<p>Richtig ist, dass der Zionismus sich von anderen europ\u00e4ischen Kolonialismen dahingehend unterscheidet, dass es kein &#8222;Mutterland&#8220; gibt und andere europ\u00e4ische Siedler nicht vor jahrhundertelanger Diskriminierung oder gar vor einem V\u00f6lkermord flohen. Richtig ist auch, dass es im Zionismus ebenso darum ging, den vermeintlich r\u00fcckst\u00e4ndigen Einheimischen das Land abzukaufen oder wegzunehmen und sie zu vertreiben, daher war auch ganz offen von Kolonialismus die Rede, wie die &#8222;Palestine Jewish Colonization Association&#8220; illustriert. Richtig ist, dass es im Krieg von 1948 nicht nur zur Nakba, der gewaltsamen Vertreibung von 750.000 pal\u00e4stiensischen Menschen aus dem heutigen Israel, sondern auch zu Vertreibungen von j\u00fcdischen Menschen aus den umliegenden arabischen Staaten kam. Diese Feindseligkeiten fanden prim\u00e4r als Reaktionen auf Verdr\u00e4ngung und Vertreibungen in Pal\u00e4stina statt. Richtig ist, dass der Gro\u00dfmufti von Jerusalem, ein zentraler F\u00fchrer des antikolonialen pal\u00e4stinensichen Nationalismus,&nbsp;Antisemit war und mit den Nazis zusammengearbeitet hat. Richtig ist auch, dass die F\u00fchrer des zionistischen Nationalismus kein gleichberechtigtes Miteinander mit den Pal\u00e4stinenser_innen angestrebt haben. Richtig ist, dass der Britische Kolonialismus lange als Schutzmacht der zionistischen Bewegung agierte, aber die Staatsgr\u00fcndung Israels gegen ihn durchgesetzt wurde. Das Gleiche lie\u00dfe sich allerdings auch f\u00fcr die Staatsgr\u00fcndungen in den USA und S\u00fcdafrika sagen. Richtig ist, dass der Teilungsplan von 1947 von einer Mehrheit in den Vereinten Nationen vorgeschlagen wurde &#8211; wo zu diesem Zeitpunkt aufgrund des Kolonialismus die meisten V\u00f6lker Asiens und Afrikas noch \u00fcberhaupt kein Mitspracherecht hatten. Auch die betroffenen pal\u00e4stinensischen Menschen und die umliegenden arabischen Staaten haben diesem Plan nie zugestimmt. Richtig ist weiterhin, dass es seit 1967 eine v\u00f6lkerrechtswidrige Besatzung gibt, die durch die illegale Ansiedelung von Siedler_innen im Westjordanland verfestigt wurde und wird. Richtig ist auch, dass die gewaltfreie BDS-Bewegung mit Mitteln des Boykotts von kulturellen, wirtschaftlichen und akademischen Institutionen des Staates Israel das Ende dieser Besatzung, gleiche Rechte f\u00fcr pal\u00e4stinensische Israelis und ein R\u00fcckkehrrecht f\u00fcr Vertriebene fordert. Richtig ist aber auch, dass es aus den Reihen dieser Bewegung immer wieder antisemitische \u00c4u\u00dferungen gibt. Die Reihe lie\u00dfe sich fortsetzen und manche \u00c4u\u00dferung sicher auch differenzieren, die zentrale Frage f\u00fcr uns ist aber: Wie sieht eine linke, internationalistische Position in dieser Gemengelage aus, die die Rechte und die Lebensgrundlagen aller Menschen, die Opfer und den Schmerz auf beiden Seiten anerkennt, ohne Hierarchien aufzustellen und ohne auf einem Auge blind zu sein?<\/p>","protected":false},"excerpt":{"rendered":"<p>Der Israel-Pal\u00e4stina Konflikt spaltet die Linke. Wir m\u00f6chten versuchen, Diskussionen zu erm\u00f6glichen und Br\u00fccken zu bauen. Klar ist f\u00fcr uns, dass die Massaker vom 7. Oktober kein emanzipativer Akt sind und der Bombenkrieg gegen Gaza mit Zehntausenden Opfern keine legitime Selbstverteidigung. Antisemitismus hat in der BUKO keinen Platz, genauso wenig wie andere Formen von Rassismus [&hellip;]<\/p>","protected":false},"author":4,"featured_media":0,"parent":0,"menu_order":0,"comment_status":"closed","ping_status":"closed","template":"","meta":[],"_links":{"self":[{"href":"https:\/\/buko40.buko.info\/ar\/wp-json\/wp\/v2\/pages\/409"}],"collection":[{"href":"https:\/\/buko40.buko.info\/ar\/wp-json\/wp\/v2\/pages"}],"about":[{"href":"https:\/\/buko40.buko.info\/ar\/wp-json\/wp\/v2\/types\/page"}],"author":[{"embeddable":true,"href":"https:\/\/buko40.buko.info\/ar\/wp-json\/wp\/v2\/users\/4"}],"replies":[{"embeddable":true,"href":"https:\/\/buko40.buko.info\/ar\/wp-json\/wp\/v2\/comments?post=409"}],"version-history":[{"count":2,"href":"https:\/\/buko40.buko.info\/ar\/wp-json\/wp\/v2\/pages\/409\/revisions"}],"predecessor-version":[{"id":800,"href":"https:\/\/buko40.buko.info\/ar\/wp-json\/wp\/v2\/pages\/409\/revisions\/800"}],"wp:attachment":[{"href":"https:\/\/buko40.buko.info\/ar\/wp-json\/wp\/v2\/media?parent=409"}],"curies":[{"name":"wp","href":"https:\/\/api.w.org\/{rel}","templated":true}]}}